{"id":99,"date":"2024-10-03T07:18:00","date_gmt":"2024-10-03T07:18:00","guid":{"rendered":"http:\/\/reviews-1xbet.net\/?page_id=99"},"modified":"2025-02-04T09:06:45","modified_gmt":"2025-02-04T09:06:45","slug":"para-yatirma","status":"publish","type":"page","link":"https:\/\/reviews-1xbet.net\/en\/para-yatirma\/","title":{"rendered":"Para Yat\u0131rma"},"content":{"rendered":"\n<h1 class=\"wp-block-heading\">1xBet para yat\u0131rma nas\u0131l yap\u0131l\u0131r &#8211; 700000 NGN + 150 FS&#8217;e kadar ho\u015f geldin paketi<\/h1>\n\n\n\n<p>\u0130ngilizce ve <strong><a href=\"https:\/\/reviews-1xbet.net\/\">1xbet <\/a><\/strong>T\u00fcrkiye dil destekleriyle yoluna devam eden 1xBet bahis sitesinde \u00f6deme y\u00f6ntemleri de \u00e7e\u015fitlilik ta\u015f\u0131r. Geni\u015f bahis olanaklar\u0131na do\u011fru orant\u0131l\u0131 bir \u015fekilde sunulan para yat\u0131rma i\u015flemleri de sitenin kalitesini bir kez daha g\u00f6zler \u00f6n\u00fcne serer. T\u00fcrkiye\u2019de 1xBet para yat\u0131rma olduk\u00e7a kolay bir \u015fekilde yap\u0131labilmektedir. Birden fazla \u00f6deme arac\u0131 kullan\u0131labilece\u011fi gibi g\u00fcn\u00fcn her saatinde hem yat\u0131r\u0131m hem de \u00e7ekme i\u015flemlerinin yap\u0131lmas\u0131na izin verilir. S\u00fcre\u00e7lerde herhangi bir aksilik olmayaca\u011f\u0131 da garanti edilir.<\/p>\n\n\n\n<div class=\"wp-block-columns is-layout-flex wp-container-core-columns-is-layout-9d6595d7 wp-block-columns-is-layout-flex\">\n<div class=\"wp-block-column is-layout-flow wp-block-column-is-layout-flow\">\n<div class=\"wp-block-buttons is-content-justification-center is-layout-flex wp-container-core-buttons-is-layout-16018d1d wp-block-buttons-is-layout-flex\">\n<div class=\"wp-block-button\"><a class=\"wp-block-button__link wp-element-button\" href=\"https:\/\/reviews-1xbet.net\/\">1xbet Giri\u015f<\/a><\/div>\n<\/div>\n<\/div>\n\n\n\n<div class=\"wp-block-column is-layout-flow wp-block-column-is-layout-flow\">\n<div class=\"wp-block-buttons is-content-justification-center is-layout-flex wp-container-core-buttons-is-layout-16018d1d wp-block-buttons-is-layout-flex\">\n<div class=\"wp-block-button\"><a class=\"wp-block-button__link wp-element-button\" href=\"\/1xbet-mobil\/\">1xbet Mobil<\/a><\/div>\n<\/div>\n<\/div>\n\n\n\n<div class=\"wp-block-column is-layout-flow wp-block-column-is-layout-flow\">\n<div class=\"wp-block-buttons is-layout-flex wp-block-buttons-is-layout-flex\">\n<div class=\"wp-block-button\"><a class=\"wp-block-button__link wp-element-button\" href=\"\/promosyonlari\/\">Promosyonlari<\/a><\/div>\n<\/div>\n<\/div>\n\n\n\n<div class=\"wp-block-column is-layout-flow wp-block-column-is-layout-flow\">\n<div class=\"wp-block-buttons is-layout-flex wp-block-buttons-is-layout-flex\">\n<div class=\"wp-block-button\"><a class=\"wp-block-button__link wp-element-button\" href=\"\/para-cekme\/\">Para \u00c7ekme<\/a><\/div>\n<\/div>\n<\/div>\n\n\n\n<div class=\"wp-block-column is-layout-flow wp-block-column-is-layout-flow\">\n<div class=\"wp-block-buttons is-layout-flex wp-block-buttons-is-layout-flex\">\n<div class=\"wp-block-button\"><a class=\"wp-block-button__link wp-element-button\" href=\"\/para-yat\u0131r\u0131m\u0131\/\">Para Yat\u0131r\u0131m\u0131<\/a><\/div>\n<\/div>\n<\/div>\n<\/div>\n\n\n\n<h2 class=\"wp-block-heading\">1xBet nas\u0131l para yat\u0131r\u0131l\u0131r?<\/h2>\n\n\n\n<p>Parasal i\u015flemlerin yap\u0131lmas\u0131 i\u00e7in siteye \u00fcye olunmas\u0131 yeterlidir. \u00dcyelik i\u015flemleri telefon ya da mail \u00fczerinden ger\u00e7ekle\u015firken hesaptan form bilgilerinin g\u00f6nderimi tamamlan\u0131r. Bunun neticesinde incelemelerin ard\u0131ndan onay verilerek yat\u0131r\u0131m yap\u0131lmas\u0131na zemin a\u00e7\u0131l\u0131r. Farkl\u0131 \u00f6deme se\u00e7enekleri mevcut olurken ilk yat\u0131r\u0131mda kazan\u0131lacaklara g\u00f6re tercihlerde bulunulabilir.<\/p>\n\n\n\n<p>1xBet nas\u0131l para yat\u0131r\u0131l\u0131r sorusu hesap \u00fczerinden cevaplan\u0131r. \u00d6ncelikli olarak hangi yat\u0131r\u0131m arac\u0131yla i\u015flemin yap\u0131laca\u011f\u0131 se\u00e7ilir. Online sitede farkl\u0131 \u00f6deme y\u00f6ntemlerinin aktif kullan\u0131m\u0131 devam etmektedir. Bunun ard\u0131ndan \u00f6deme ara\u00e7lar\u0131n\u0131n sahip oldu\u011fu minimum ve maksimum limitlere g\u00f6re yat\u0131r\u0131mlar aktar\u0131l\u0131r. \u0130\u015flemlerde bekleme s\u00fcresi bulunmazken an\u0131nda kullan\u0131ma ba\u015flanabilir.<\/p>\n\n\n\n<h2 class=\"wp-block-heading\">Ad\u0131m Ad\u0131m Rehber<\/h2>\n\n\n\n<h3 class=\"wp-block-heading\">1. Ad\u0131m: 1XBET Web Sitesine Giri\u015f Yap\u0131n ve Para Yat\u0131rma Se\u00e7ene\u011fini Tercih Edin<\/h3>\n\n\n\n<figure class=\"wp-block-image aligncenter size-large\" id=\"attachment_2670\"><img loading=\"lazy\" decoding=\"async\" width=\"1024\" height=\"503\" src=\"https:\/\/reviews-1xbet.net\/wp-content\/uploads\/2024\/10\/Turkeyde-1XBET-nasil-para-yatirilir-1024x503.jpg\" alt=\"\" class=\"wp-image-294\" srcset=\"https:\/\/reviews-1xbet.net\/wp-content\/uploads\/2024\/10\/Turkeyde-1XBET-nasil-para-yatirilir-1024x503.jpg 1024w, https:\/\/reviews-1xbet.net\/wp-content\/uploads\/2024\/10\/Turkeyde-1XBET-nasil-para-yatirilir-300x147.jpg 300w, https:\/\/reviews-1xbet.net\/wp-content\/uploads\/2024\/10\/Turkeyde-1XBET-nasil-para-yatirilir-768x378.jpg 768w, https:\/\/reviews-1xbet.net\/wp-content\/uploads\/2024\/10\/Turkeyde-1XBET-nasil-para-yatirilir-1536x755.jpg 1536w, https:\/\/reviews-1xbet.net\/wp-content\/uploads\/2024\/10\/Turkeyde-1XBET-nasil-para-yatirilir.jpg 1892w\" sizes=\"auto, (max-width: 1024px) 100vw, 1024px\" \/><figcaption class=\"wp-element-caption\">Turkey&#8217;de 1XBET nas\u0131l para yat\u0131r\u0131l\u0131r<\/figcaption><\/figure>\n\n\n\n<p>\u0130lk olarak, <strong>1XBET giri\u015f<\/strong> yaparak bahis hesab\u0131n\u0131za eri\u015fim sa\u011flay\u0131n. E\u011fer hen\u00fcz \u00fcye de\u011filseniz, 1XBET&#8217;te hesap olu\u015fturma s\u00fcreci olduk\u00e7a basittir. Kay\u0131t i\u015flemi, yaln\u0131zca birka\u00e7 dakikan\u0131z\u0131 al\u0131r ve h\u0131zl\u0131ca tamamlan\u0131r. Hesab\u0131n\u0131za ba\u015far\u0131l\u0131 bir \u015fekilde giri\u015f yapt\u0131ktan sonra, ekran\u0131n sa\u011f \u00fcst k\u00f6\u015fesinde bulunan &#8220;Para Yat\u0131r&#8221; butonunu se\u00e7in.<\/p>\n\n\n\n<p><strong>Not:<\/strong> 1XBET, yeni \u00fcyelere \u00f6zel, ilk <strong>1XBET giri\u015f<\/strong> i\u015fleminizde 700000 NGN + 150 FS&#8217;e kadar ho\u015f geldin paketi kadar %100 bonus sunmaktad\u0131r. Bu \u00f6zel teklif yaln\u0131zca s\u0131n\u0131rl\u0131 say\u0131daki kullan\u0131c\u0131ya y\u00f6neliktir, bu y\u00fczden acele edin!<\/p>\n\n\n\n<h3 class=\"wp-block-heading\">2. Ad\u0131m: 1XBET Para Yat\u0131rma Y\u00f6ntemini Se\u00e7in<\/h3>\n\n\n\n<figure class=\"wp-block-image aligncenter size-full\" id=\"attachment_2671\"><img loading=\"lazy\" decoding=\"async\" width=\"574\" height=\"282\" src=\"https:\/\/reviews-1xbet.net\/wp-content\/uploads\/2024\/10\/10.jpg\" alt=\"\" class=\"wp-image-295\" srcset=\"https:\/\/reviews-1xbet.net\/wp-content\/uploads\/2024\/10\/10.jpg 574w, https:\/\/reviews-1xbet.net\/wp-content\/uploads\/2024\/10\/10-300x147.jpg 300w\" sizes=\"auto, (max-width: 574px) 100vw, 574px\" \/><figcaption class=\"wp-element-caption\">Uygun \u00f6deme y\u00f6ntemini se\u00e7in<\/figcaption><\/figure>\n\n\n\n<p><strong>1XBET<\/strong>, kullan\u0131c\u0131lar\u0131na 50\u2019den fazla farkl\u0131 \u00f6deme y\u00f6ntemi sunmaktad\u0131r. Size en uygun olan \u00f6deme se\u00e7ene\u011fini se\u00e7erek i\u015fleme ba\u015flay\u0131n. Bu rehberde, \u00f6rnek olarak banka transferi y\u00f6ntemiyle <strong>1XBET para yat\u0131rma<\/strong> i\u015flemi anlat\u0131lacakt\u0131r.<\/p>\n\n\n\n<h3 class=\"wp-block-heading\"><strong>3. Ad\u0131m: \u00d6deme Bilgilerinizi Girin<\/strong><\/h3>\n\n\n\n<figure class=\"wp-block-image aligncenter size-full\" id=\"attachment_2672\"><img loading=\"lazy\" decoding=\"async\" width=\"489\" height=\"392\" src=\"https:\/\/reviews-1xbet.net\/wp-content\/uploads\/2024\/10\/11.jpg\" alt=\"\" class=\"wp-image-296\" srcset=\"https:\/\/reviews-1xbet.net\/wp-content\/uploads\/2024\/10\/11.jpg 489w, https:\/\/reviews-1xbet.net\/wp-content\/uploads\/2024\/10\/11-300x240.jpg 300w\" sizes=\"auto, (max-width: 489px) 100vw, 489px\" \/><figcaption class=\"wp-element-caption\">1xbet T\u00fcrkiye&#8217;den gelen talimatlar\u0131 izleyin<\/figcaption><\/figure>\n\n\n\n<p>Bu a\u015famada, \u00f6deme i\u015flemi i\u00e7in gerekli olan bilgileri girmeniz istenecektir. \u015eu detaylar\u0131 eksiksiz doldurdu\u011funuzdan emin olun:<\/p>\n\n\n\n<ul class=\"wp-block-list\">\n<li>Yat\u0131rmak istedi\u011finiz miktar<\/li>\n\n\n\n<li>Soyad\u0131n\u0131z<\/li>\n\n\n\n<li>Ad\u0131n\u0131z<\/li>\n\n\n\n<li>E-posta adresiniz<\/li>\n\n\n\n<li>Banka ad\u0131<\/li>\n<\/ul>\n\n\n\n<p>Bilgileri girdikten sonra &#8220;Onayla&#8221; butonuna t\u0131klayarak i\u015flemi tamamlay\u0131n. \u0130\u015flem ba\u015far\u0131l\u0131 oldu\u011funda, <strong>1XBET<\/strong> size bir onay mesaj\u0131 g\u00f6nderecektir.<\/p>\n\n\n\n<h3 class=\"wp-block-heading\"><strong>4. Ad\u0131m: \u0130\u015flemi Tamamlama<\/strong><\/h3>\n\n\n\n<p>Para yat\u0131rma i\u015fleminizi ba\u015far\u0131l\u0131 bir \u015fekilde ger\u00e7ekle\u015ftirdikten sonra, e\u011fer herhangi bir problemle kar\u015f\u0131la\u015f\u0131rsan\u0131z, <strong>1XBET m\u00fc\u015fteri hizmetleri<\/strong> ile ileti\u015fime ge\u00e7erek destek alabilirsiniz. <\/p>\n\n\n\n<p>Ayr\u0131ca, di\u011fer i\u015flemleriniz i\u00e7in de 1XBET mobil uygulamas\u0131n\u0131 1XBET indir se\u00e7ene\u011fiyle telefonunuza y\u00fckleyerek h\u0131zl\u0131 ve kolay eri\u015fim sa\u011flayabilirsiniz.<\/p>\n\n\n\n<p>Bu basit ve pratik ad\u0131mlar\u0131 takip ederek <strong>1XBET T\u00fcrkiye<\/strong> hesab\u0131n\u0131za k\u0131sa s\u00fcrede para yat\u0131rabilirsiniz.<\/p>\n\n\n\n<h2 class=\"wp-block-heading\">1xBet Para Yat\u0131rma Ara\u00e7lar\u0131<\/h2>\n\n\n\n<figure class=\"wp-block-image aligncenter size-full\" id=\"attachment_2678\"><img loading=\"lazy\" decoding=\"async\" width=\"694\" height=\"404\" src=\"https:\/\/reviews-1xbet.net\/wp-content\/uploads\/2024\/10\/1xBet-Para-Yatirma-Turkiyede-En-Hizli-ve-Guvenli-Yontemler.jpg\" alt=\"\" class=\"wp-image-293\" srcset=\"https:\/\/reviews-1xbet.net\/wp-content\/uploads\/2024\/10\/1xBet-Para-Yatirma-Turkiyede-En-Hizli-ve-Guvenli-Yontemler.jpg 694w, https:\/\/reviews-1xbet.net\/wp-content\/uploads\/2024\/10\/1xBet-Para-Yatirma-Turkiyede-En-Hizli-ve-Guvenli-Yontemler-300x175.jpg 300w\" sizes=\"auto, (max-width: 694px) 100vw, 694px\" \/><figcaption class=\"wp-element-caption\">1xBet Para Yat\u0131rma &#8211; T\u00fcrkiye&#8217;de En H\u0131zl\u0131 ve G\u00fcvenli Y\u00f6ntemler<\/figcaption><\/figure>\n\n\n\n<p>Hali haz\u0131rda bahis sitesinde ge\u00e7erli olan yat\u0131r\u0131m ara\u00e7lar\u0131 aras\u0131nda online c\u00fczdanlar \u00e7ok\u00e7a kullan\u0131l\u0131r. Web Money ya da Jeton C\u00fczdan \u00fczerinden hemen T\u00fcrkiye kullan\u0131c\u0131lar\u0131 da g\u00f6nderimler yapabilir. T\u00fcrkiye\u2019de 1xBet para yat\u0131rma ara\u00e7lar\u0131ndan olmakla birlikte alt limitleri 4.50 TL\u2019dir. \u0130\u015flemlerden \u00f6t\u00fcr\u00fc komisyon kesintisi bulunmazken g\u00f6nderimlerin an\u0131nda oldu\u011fu da belirtilmektedir.<\/p>\n\n\n\n<p>\u0130stedi\u011finiz limitleri belirtebiliriz ve sonras\u0131nda g\u00f6nderim yapabiliriz. En \u00e7ok kullan\u0131lan \u00f6deme y\u00f6ntemlerinden olan Ecopayz ile de 4.50 TL \u00fczerindeki yat\u0131r\u0131mlarda bulunma \u015fans\u0131 vard\u0131r. Ayr\u0131ca nas\u0131l para yat\u0131r\u0131l\u0131r sorusuyla birlikte 1xBet bonus kazanma da<\/p>\n\n\n\n<ul class=\"wp-block-list\">\n<li>Ecopayz \u00f6ne \u00e7\u0131kar. %5 Cashback al\u0131mlar\u0131 her Ecopayz yat\u0131r\u0131m i\u015fleminde ge\u00e7erli olmaktad\u0131r.<\/li>\n\n\n\n<li>Minimum 4,50 TL asgari tutara sahip Paykwik kullan\u0131m\u0131yla da an\u0131nda yat\u0131r\u0131m yap\u0131lmas\u0131 s\u00f6z konusudur.<\/li>\n\n\n\n<li>Son y\u0131llarda pop\u00fcler olma konusunda ciddi yol kateden \u00f6n \u00f6demeli \u00f6zelli\u011fe sahip sanal kartlarda 1xBet para yat\u0131rma i\u015flemlerinde kullan\u0131labilir.<\/li>\n\n\n\n<li>Astropay i\u015flemleri tek bir \u015fifre kullan\u0131m\u0131yla ge\u00e7erli olurken ayn\u0131 zamanda b\u00fcy\u00fck oranda g\u00fcvenli yap\u0131 kazand\u0131r\u0131r. Yat\u0131r\u0131mlar sonucunda bonus al\u0131m\u0131 da s\u00f6z konusu olmas\u0131 kullan\u0131mlar\u0131n\u0131 cazip hale getirir. 1xBet nas\u0131l para yat\u0131r\u0131l\u0131r sorusu Astropay \u00f6zelinde tek bir \u015fifre kullan\u0131m\u0131yla cevaplanabilir.<\/li>\n\n\n\n<li>Ki\u015fisel olma \u00f6zelli\u011fine sahip olan Neosurf arac\u0131l\u0131\u011f\u0131yla da 4.50 limitli yat\u0131r\u0131mlar\u0131n yap\u0131lmas\u0131 her g\u00fcn m\u00fcmk\u00fcn olmaktad\u0131r.<\/li>\n\n\n\n<li>Cepbank kullan\u0131m\u0131yla da 100 TL alt limitli yat\u0131r\u0131mlar\u0131n g\u00f6nderilmesinde sak\u0131ncal\u0131 bir durum yoktur. 1xBet para yat\u0131rma y\u00f6ntemleri aras\u0131nda olmas\u0131n\u0131n yan\u0131 s\u0131ra \u00e7e\u015fitli cihazlarla da i\u015flemlerin yap\u0131lmas\u0131 m\u00fcmk\u00fcnd\u00fcr.<\/li>\n<\/ul>\n\n\n\n<p>Ak\u0131ll\u0131 telefon ya da tabletler arac\u0131l\u0131\u011f\u0131yla mobil kullan\u0131mlar\u0131 da vard\u0131r. \u0130\u015flem s\u00fcresi 30 dakika ile 3 saat aras\u0131nda de\u011fi\u015fir. Komisyon \u00fccret durumunun ise olmad\u0131\u011f\u0131 ifade edilir. Banka \u00f6zelinde yap\u0131lacak havale i\u015flemleri ise \u00e7ok \u00e7e\u015fitlidir. T\u00fcrkiye\u2019de 1xBet para yat\u0131rma y\u00f6ntemleri aras\u0131nda Bank Transfer \u00e7ok\u00e7a yayg\u0131nd\u0131r.<\/p>\n\n\n\n<p>H\u0131zl\u0131 Banka Havalesi kullan\u0131labilir olurken An\u0131nda Banka Havalesi veya Ak\u0131ll\u0131 Havale se\u00e7enekleri de mevcuttur. Banka transferi i\u015flemlerinde herhangi bir komisyon \u00fccreti al\u0131nmamas\u0131 da \u00f6nem ta\u015f\u0131r. 1xBet para yat\u0131rma y\u00f6ntemleri \u00f6zelinde kalite standartlar\u0131nda da bu husus belirleyici olabilmektedir. Devaml\u0131 olarak yat\u0131r\u0131m yap\u0131lmas\u0131n\u0131 sa\u011flayan ek \u00fccretin bulunmamas\u0131 da kazan\u00e7 olarak ifade edilebilir. Yat\u0131r\u0131m i\u015flemleri ise \u00e7ok daha farkl\u0131 ara\u00e7larla da s\u00fcrd\u00fcr\u00fclebilir.<\/p>\n\n\n\n<h2 class=\"wp-block-heading\">1xBet Para Yat\u0131rma Bonuslar\u0131<\/h2>\n\n\n\n<figure class=\"wp-block-image aligncenter size-full\"><img loading=\"lazy\" decoding=\"async\" width=\"938\" height=\"487\" src=\"https:\/\/reviews-1xbet.net\/wp-content\/uploads\/2024\/10\/Ilk-Para-Yatirma-Bonusu.jpg\" alt=\"\" class=\"wp-image-292\" srcset=\"https:\/\/reviews-1xbet.net\/wp-content\/uploads\/2024\/10\/Ilk-Para-Yatirma-Bonusu.jpg 938w, https:\/\/reviews-1xbet.net\/wp-content\/uploads\/2024\/10\/Ilk-Para-Yatirma-Bonusu-300x156.jpg 300w, https:\/\/reviews-1xbet.net\/wp-content\/uploads\/2024\/10\/Ilk-Para-Yatirma-Bonusu-768x399.jpg 768w\" sizes=\"auto, (max-width: 938px) 100vw, 938px\" \/><figcaption class=\"wp-element-caption\">\u0130lk Para Yat\u0131rma Bonusu<\/figcaption><\/figure>\n\n\n\n<ul class=\"wp-block-list\">\n<li><strong>700.000 NGN + 150 \u00dccretsiz D\u00f6n\u00fc\u015fe Kadar Ho\u015f Geldin Paketi<\/strong>. Hesab\u0131n\u0131za para yat\u0131r\u0131n ve bu muhte\u015fem bonus f\u0131rsatlar\u0131n\u0131 yakalay\u0131n!<\/li>\n<\/ul>\n\n\n\n<ul class=\"wp-block-list\">\n<li><strong>145.600 NGN Tutar\u0131na Kadar %300 \u0130lk Para Yat\u0131rma Bonusu<\/strong>. <strong>1xBet<\/strong> web sitesine kaydolun ve ilk para yat\u0131rma i\u015fleminizde 145.600 NGN&#8217;ye kadar %300 bonus kazan\u0131n!<\/li>\n<\/ul>\n\n\n\n<p><br>Nas\u0131l para yat\u0131r\u0131l\u0131r sorusunun bilinmesiyle i\u015flemler g\u00fcven i\u00e7inde tamamlan\u0131r. Bank transfer kazan\u0131mlar\u0131 da var olurken bahis sitesindeki yat\u0131r\u0131m bonuslar\u0131 g\u00f6nderimi otomatik ger\u00e7ekle\u015fir. Ard\u0131ndan ise \u00e7evrim i\u00e7in bahis i\u015flemi belirleyerek s\u00fcre\u00e7ler ba\u015flat\u0131l\u0131r.<\/p>\n\n\n\n<blockquote class=\"wp-block-quote is-layout-flow wp-block-quote-is-layout-flow\">\n<blockquote class=\"wp-block-quote is-layout-flow wp-block-quote-is-layout-flow\">\n<blockquote class=\"wp-block-quote is-layout-flow wp-block-quote-is-layout-flow\">\n<blockquote class=\"wp-block-quote is-layout-flow wp-block-quote-is-layout-flow\">\n<p>>> <a href=\"https:\/\/w88.fashion\" target=\"_blank\" rel=\"noopener\">W69 <\/a>&#8211; TAYLAND BAH\u0130S P\u0130YASASININ EN G\u00dcVEN\u0130L\u0130R CAS\u0130NO BAH\u0130S S\u0130TES\u0130<\/p>\n<\/blockquote>\n<\/blockquote>\n<\/blockquote>\n<\/blockquote>\n","protected":false},"excerpt":{"rendered":"<p>1xBet para yat\u0131rma nas\u0131l yap\u0131l\u0131r &#8211; 700000 NGN + 150 FS&#8217;e kadar ho\u015f geldin paketi \u0130ngilizce ve 1xbet T\u00fcrkiye dil destekleriyle yoluna devam eden 1xBet bahis sitesinde \u00f6deme y\u00f6ntemleri de \u00e7e\u015fitlilik ta\u015f\u0131r. Geni\u015f bahis olanaklar\u0131na do\u011fru orant\u0131l\u0131 bir \u015fekilde sunulan para yat\u0131rma i\u015flemleri de sitenin kalitesini bir kez daha g\u00f6zler \u00f6n\u00fcne serer. T\u00fcrkiye\u2019de 1xBet para [&#8230;]\n","protected":false},"author":2,"featured_media":0,"parent":0,"menu_order":0,"comment_status":"closed","ping_status":"closed","template":"page-right-sidebar.php","meta":{"footnotes":""},"class_list":["post-99","page","type-page","status-publish","hentry"],"_links":{"self":[{"href":"https:\/\/reviews-1xbet.net\/en\/wp-json\/wp\/v2\/pages\/99","targetHints":{"allow":["GET"]}}],"collection":[{"href":"https:\/\/reviews-1xbet.net\/en\/wp-json\/wp\/v2\/pages"}],"about":[{"href":"https:\/\/reviews-1xbet.net\/en\/wp-json\/wp\/v2\/types\/page"}],"author":[{"embeddable":true,"href":"https:\/\/reviews-1xbet.net\/en\/wp-json\/wp\/v2\/users\/2"}],"replies":[{"embeddable":true,"href":"https:\/\/reviews-1xbet.net\/en\/wp-json\/wp\/v2\/comments?post=99"}],"version-history":[{"count":5,"href":"https:\/\/reviews-1xbet.net\/en\/wp-json\/wp\/v2\/pages\/99\/revisions"}],"predecessor-version":[{"id":314,"href":"https:\/\/reviews-1xbet.net\/en\/wp-json\/wp\/v2\/pages\/99\/revisions\/314"}],"wp:attachment":[{"href":"https:\/\/reviews-1xbet.net\/en\/wp-json\/wp\/v2\/media?parent=99"}],"curies":[{"name":"wp","href":"https:\/\/api.w.org\/{rel}","templated":true}]}}