{"id":28,"date":"2024-10-01T08:46:59","date_gmt":"2024-10-01T08:46:59","guid":{"rendered":"http:\/\/reviews-1xbet.net\/?page_id=28"},"modified":"2024-10-11T09:44:04","modified_gmt":"2024-10-11T09:44:04","slug":"1xbet-kayit-ol","status":"publish","type":"page","link":"https:\/\/reviews-1xbet.net\/en\/1xbet-kayit-ol\/","title":{"rendered":"Kay\u0131t Ol"},"content":{"rendered":"\n<h1 class=\"wp-block-heading\">1XBET Kay\u0131t Ol \u2013 Online spor bahisleri<\/h1>\n\n\n\n<p><strong><a href=\"https:\/\/reviews-1xbet.net\/\">1xbet <\/a><\/strong>\u00fcyelik hesab\u0131 olu\u015fturma olduk\u00e7a kolay ve h\u0131zl\u0131 bir i\u015flemdir. Bu makalede, 1xbet \u00fcyelik i\u00e7in nas\u0131l kay\u0131t olabilece\u011finizi ad\u0131m ad\u0131m a\u00e7\u0131klayaca\u011f\u0131z. Ayr\u0131ca, hesab\u0131n\u0131z\u0131 do\u011frulaman\u0131n \u00f6nemini vurgulayaca\u011f\u0131z ve bu s\u00fcreci nas\u0131l tamamlayabilece\u011finizi detayl\u0131 bir \u015fekilde anlataca\u011f\u0131z.<\/p>\n\n\n\n<div class=\"wp-block-columns is-layout-flex wp-container-core-columns-is-layout-9d6595d7 wp-block-columns-is-layout-flex\">\n<div class=\"wp-block-column is-layout-flow wp-block-column-is-layout-flow\">\n<div class=\"wp-block-buttons is-content-justification-center is-layout-flex wp-container-core-buttons-is-layout-16018d1d wp-block-buttons-is-layout-flex\">\n<div class=\"wp-block-button\"><a class=\"wp-block-button__link wp-element-button\" href=\"https:\/\/reviews-1xbet.net\/\">1xbet Giri\u015f<\/a><\/div>\n<\/div>\n<\/div>\n\n\n\n<div class=\"wp-block-column is-layout-flow wp-block-column-is-layout-flow\">\n<div class=\"wp-block-buttons is-content-justification-center is-layout-flex wp-container-core-buttons-is-layout-16018d1d wp-block-buttons-is-layout-flex\">\n<div class=\"wp-block-button\"><a class=\"wp-block-button__link wp-element-button\" href=\"\/1xbet-mobil\/\">1xbet Mobil<\/a><\/div>\n<\/div>\n<\/div>\n\n\n\n<div class=\"wp-block-column is-layout-flow wp-block-column-is-layout-flow\">\n<div class=\"wp-block-buttons is-layout-flex wp-block-buttons-is-layout-flex\">\n<div class=\"wp-block-button\"><a class=\"wp-block-button__link wp-element-button\" href=\"\/promosyonlari\/\">Promosyonlari<\/a><\/div>\n<\/div>\n<\/div>\n\n\n\n<div class=\"wp-block-column is-layout-flow wp-block-column-is-layout-flow\">\n<div class=\"wp-block-buttons is-layout-flex wp-block-buttons-is-layout-flex\">\n<div class=\"wp-block-button\"><a class=\"wp-block-button__link wp-element-button\" href=\"\/para-cekme\/\">Para \u00c7ekme<\/a><\/div>\n<\/div>\n<\/div>\n\n\n\n<div class=\"wp-block-column is-layout-flow wp-block-column-is-layout-flow\">\n<div class=\"wp-block-buttons is-layout-flex wp-block-buttons-is-layout-flex\">\n<div class=\"wp-block-button\"><a class=\"wp-block-button__link wp-element-button\" href=\"\/para-yat\u0131r\u0131m\u0131\/\">Para Yat\u0131r\u0131m\u0131<\/a><\/div>\n<\/div>\n<\/div>\n<\/div>\n\n\n\n<p>1xbet, d\u00fcnya genelinde pop\u00fcler bir online bahis platformudur ve kullan\u0131c\u0131lar\u0131na geni\u015f bir oyun se\u00e7ene\u011fi sunmaktad\u0131r. Ancak, bu oyunlardan yararlanabilmek i\u00e7in \u00f6ncelikle bir \u00fcyelik hesab\u0131 olu\u015fturman\u0131z gerekmektedir. \u0130\u015fte 1xbet \u00fcyelik s\u00fcreci ba\u015flatman\u0131n ad\u0131mlar\u0131:<\/p>\n\n\n\n<h2 class=\"wp-block-heading\"><strong>1XBET\u2019e Telefonla Kay\u0131t Olman\u0131n 4 Yolu<\/strong><\/h2>\n\n\n\n<p>\u015eu anda oyuncular, tercihlerine g\u00f6re 1XBET&#8217;e kay\u0131t olman\u0131n 3 yolunu se\u00e7ebilirler. Size rehberlik etmesi i\u00e7in 1XBET&#8217;e kaydolma s\u00fcrecini t\u00fcm ayr\u0131nt\u0131lar\u0131yla ve g\u00f6rsellerle a\u00e7\u0131kl\u0131yoruz.<\/p>\n\n\n\n<figure class=\"wp-block-image aligncenter size-large\"><img loading=\"lazy\" decoding=\"async\" width=\"1024\" height=\"219\" src=\"https:\/\/reviews-1xbet.net\/wp-content\/uploads\/2024\/10\/Resmi-ana-sayfayi-bulun-ve-kayit-olmayi-secin-1024x219.jpg\" alt=\"\" class=\"wp-image-264\" srcset=\"https:\/\/reviews-1xbet.net\/wp-content\/uploads\/2024\/10\/Resmi-ana-sayfayi-bulun-ve-kayit-olmayi-secin-1024x219.jpg 1024w, https:\/\/reviews-1xbet.net\/wp-content\/uploads\/2024\/10\/Resmi-ana-sayfayi-bulun-ve-kayit-olmayi-secin-300x64.jpg 300w, https:\/\/reviews-1xbet.net\/wp-content\/uploads\/2024\/10\/Resmi-ana-sayfayi-bulun-ve-kayit-olmayi-secin-768x164.jpg 768w, https:\/\/reviews-1xbet.net\/wp-content\/uploads\/2024\/10\/Resmi-ana-sayfayi-bulun-ve-kayit-olmayi-secin-1536x328.jpg 1536w, https:\/\/reviews-1xbet.net\/wp-content\/uploads\/2024\/10\/Resmi-ana-sayfayi-bulun-ve-kayit-olmayi-secin.jpg 1899w\" sizes=\"auto, (max-width: 1024px) 100vw, 1024px\" \/><figcaption class=\"wp-element-caption\">Resmi ana sayfay\u0131 bulun ve kay\u0131t olmay\u0131 se\u00e7in<\/figcaption><\/figure>\n\n\n\n<div class=\"wp-block-buttons mb20 is-content-justification-center is-layout-flex wp-container-core-buttons-is-layout-16018d1d wp-block-buttons-is-layout-flex\">\n<div class=\"wp-block-button has-custom-font-size has-small-font-size\"><a class=\"wp-block-button__link has-primary-background-color has-background wp-element-button\" href=\"\/go\/1xbet\/\" style=\"border-radius:0px\">1xbet Giri\u015f #1<\/a><\/div>\n\n\n\n<div class=\"wp-block-button has-custom-font-size has-small-font-size\"><a class=\"wp-block-button__link has-success-background-color has-background wp-element-button\" href=\"\/go\/1xbet\/\" style=\"border-radius:0px\">1xbet Yeni Giri\u015f #2<\/a><\/div>\n\n\n\n<div class=\"wp-block-button has-custom-font-size has-small-font-size\"><a class=\"wp-block-button__link has-secondary-background-color has-background wp-element-button\" href=\"\/go\/1xbet\/\" style=\"border-radius:0px\">1xbet G\u00fcncel Giri\u015f #3<\/a><\/div>\n<\/div>\n\n\n\n<h3 class=\"wp-block-heading\">#1.&nbsp;Tek T\u0131klama ile Kay\u0131t<\/h3>\n\n\n\n<p><strong>1. Ad\u0131m \u00d6ncelikle, bahis sitesinin ana sayfas\u0131na gidin ve \u015fu 3 ad\u0131m\u0131 ger\u00e7ekle\u015ftirin:<\/strong><\/p>\n\n\n\n<figure class=\"wp-block-image aligncenter size-full\" id=\"attachment_2614\"><img loading=\"lazy\" decoding=\"async\" width=\"328\" height=\"508\" src=\"https:\/\/reviews-1xbet.net\/wp-content\/uploads\/2024\/10\/Tek-Tiklama-ile-Kayit.jpg\" alt=\"\" class=\"wp-image-265\" srcset=\"https:\/\/reviews-1xbet.net\/wp-content\/uploads\/2024\/10\/Tek-Tiklama-ile-Kayit.jpg 328w, https:\/\/reviews-1xbet.net\/wp-content\/uploads\/2024\/10\/Tek-Tiklama-ile-Kayit-194x300.jpg 194w\" sizes=\"auto, (max-width: 328px) 100vw, 328px\" \/><figcaption class=\"wp-element-caption\">Tek T\u0131klama ile Kay\u0131t<\/figcaption><\/figure>\n\n\n\n<ul class=\"wp-block-list\">\n<li>\u201cKay\u0131t Ol\u201d d\u00fc\u011fmesine t\u0131klay\u0131n.<\/li>\n\n\n\n<li>\u201cTek T\u0131klama\u201d se\u00e7ene\u011fine t\u0131klay\u0131n.<\/li>\n\n\n\n<li>A\u015fa\u011f\u0131daki bilgileri h\u0131zl\u0131ca girin ve i\u015flemi tamamlamak i\u00e7in \u201cOnayla\u201dya t\u0131klay\u0131n.<\/li>\n<\/ul>\n\n\n\n<p>\u00dclke Se\u00e7imi: T\u00fcrkiye&#8217;yi se\u00e7in<\/p>\n\n\n\n<p>Para Birimi Se\u00e7imi: Romanya \u00c7ad\u0131r\u0131 (TRY)<\/p>\n\n\n\n<p>Promosyon Kodu (<strong>1XBET6666<\/strong>): Promosyon kodunuz varsa, buraya girin.<\/p>\n\n\n\n<p>Not: 1XBET&#8217;te yeni oyuncular i\u00e7in pek \u00e7ok iyi 1XBET bonusu bulunmaktad\u0131r. Uygun program\u0131 inceleyin ve se\u00e7in!<\/p>\n\n\n\n<p><strong>2. Ad\u0131m: Kullan\u0131c\u0131 Ad\u0131 ve \u015eifre Almak<\/strong><\/p>\n\n\n\n<p>1XBET kayd\u0131n\u0131z tamamland\u0131\u011f\u0131nda, yukar\u0131daki gibi kullan\u0131c\u0131 ad\u0131n\u0131z ve \u015fifreniz size verilecektir. Bir sonraki giri\u015finizde kolayca eri\u015febilmek i\u00e7in bu iki bilgiyi kaydedin. Bu noktada ana sayfaya d\u00f6n\u00fcp giri\u015f yaparak 1XBET hesab\u0131n\u0131za eri\u015febilirsiniz.<\/p>\n\n\n\n<p>1XBET&#8217;te spor bahisleri \u00fcr\u00fcnlerine ve online casinoya kat\u0131lmak i\u00e7in <strong>1XBET para yat\u0131rmay\u0131<\/strong> unutmay\u0131n! <strong>1XBET para \u00e7ekme<\/strong> i\u015flemi veya kay\u0131t s\u0131ras\u0131nda herhangi bir sorunla kar\u015f\u0131la\u015f\u0131rsan\u0131z, <strong>1XBET m\u00fc\u015fteri hizmetleri<\/strong> ile ileti\u015fime ge\u00e7erek ek destek talep edebilirsiniz.<\/p>\n\n\n\n<h3 class=\"wp-block-heading\">#2.&nbsp;Telefon Numaras\u0131 ile Kay\u0131t<\/h3>\n\n\n\n<p><strong>1. Ad\u0131m: Kay\u0131t Ol ve Telefon ile Se\u00e7ene\u011fini Se\u00e7in<\/strong><\/p>\n\n\n\n<figure class=\"wp-block-image aligncenter size-large\" id=\"attachment_2616\"><img loading=\"lazy\" decoding=\"async\" width=\"1024\" height=\"412\" src=\"https:\/\/reviews-1xbet.net\/wp-content\/uploads\/2024\/10\/Telefon-Numarasi-ile-Kayit-1024x412.jpg\" alt=\"\" class=\"wp-image-266\" srcset=\"https:\/\/reviews-1xbet.net\/wp-content\/uploads\/2024\/10\/Telefon-Numarasi-ile-Kayit-1024x412.jpg 1024w, https:\/\/reviews-1xbet.net\/wp-content\/uploads\/2024\/10\/Telefon-Numarasi-ile-Kayit-300x121.jpg 300w, https:\/\/reviews-1xbet.net\/wp-content\/uploads\/2024\/10\/Telefon-Numarasi-ile-Kayit-768x309.jpg 768w, https:\/\/reviews-1xbet.net\/wp-content\/uploads\/2024\/10\/Telefon-Numarasi-ile-Kayit.jpg 1277w\" sizes=\"auto, (max-width: 1024px) 100vw, 1024px\" \/><figcaption class=\"wp-element-caption\">Telefon Numaras\u0131 ile Kay\u0131t<\/figcaption><\/figure>\n\n\n\n<p>\u00d6ncelikle, bahis sitesinin ana sayfas\u0131na gidin ve \u015fu 3 ad\u0131m\u0131 ger\u00e7ekle\u015ftirin:<\/p>\n\n\n\n<ul class=\"wp-block-list\">\n<li>&#8220;Kay\u0131t Ol&#8221; d\u00fc\u011fmesine t\u0131klay\u0131n.<\/li>\n\n\n\n<li>&#8220;Telefon ile&#8221; se\u00e7ene\u011fine t\u0131klay\u0131n.<\/li>\n\n\n\n<li>A\u015fa\u011f\u0131daki bilgileri h\u0131zl\u0131ca girin ve i\u015flemi tamamlamak i\u00e7in \u201cOnayla\u201dya t\u0131klay\u0131n.<\/li>\n<\/ul>\n\n\n\n<p>Telefon Numaran\u0131z: Telefon numaran\u0131z\u0131 girin.<\/p>\n\n\n\n<p>Para Birimi Se\u00e7imi: Romanya \u00c7ad\u0131r\u0131 (TRY)<\/p>\n\n\n\n<p>Promosyon Kodu (varsa): Promosyon kodunuz varsa, buraya girin.<\/p>\n\n\n\n<p><strong>2. Ad\u0131m: Kullan\u0131c\u0131 Ad\u0131 ve \u015eifre Almak<\/strong><\/p>\n\n\n\n<p>1XBET kayd\u0131n\u0131z tamamland\u0131\u011f\u0131nda, yukar\u0131daki gibi kullan\u0131c\u0131 ad\u0131n\u0131z ve \u015fifreniz size verilecektir. Bir sonraki giri\u015finizde kolayca eri\u015febilmek i\u00e7in bu iki bilgiyi kaydedin. Bu noktada ana sayfaya d\u00f6n\u00fcp giri\u015f yaparak 1XBET hesab\u0131n\u0131za eri\u015febilirsiniz.<\/p>\n\n\n\n<p>1XBET&#8217;te spor bahisleri \u00fcr\u00fcnlerine ve online casinoya kat\u0131lmak i\u00e7in <strong>1XBET para yat\u0131rmay\u0131<\/strong> unutmay\u0131n! <strong>1XBET para \u00e7ekme<\/strong> i\u015flemi veya kay\u0131t s\u0131ras\u0131nda herhangi bir sorunla kar\u015f\u0131la\u015f\u0131rsan\u0131z, <strong>1XBET m\u00fc\u015fteri hizmetleri<\/strong> ile ileti\u015fime ge\u00e7erek ek destek talep edebilirsiniz.<\/p>\n\n\n\n<h3 class=\"wp-block-heading\">#3.&nbsp;E-posta ile Kay\u0131t<\/h3>\n\n\n\n<figure class=\"wp-block-image aligncenter size-large\" id=\"attachment_2623\"><img loading=\"lazy\" decoding=\"async\" width=\"1024\" height=\"600\" src=\"https:\/\/reviews-1xbet.net\/wp-content\/uploads\/2024\/10\/E-posta-ile-Kayit-1024x600.jpg\" alt=\"\" class=\"wp-image-267\" srcset=\"https:\/\/reviews-1xbet.net\/wp-content\/uploads\/2024\/10\/E-posta-ile-Kayit-1024x600.jpg 1024w, https:\/\/reviews-1xbet.net\/wp-content\/uploads\/2024\/10\/E-posta-ile-Kayit-300x176.jpg 300w, https:\/\/reviews-1xbet.net\/wp-content\/uploads\/2024\/10\/E-posta-ile-Kayit-768x450.jpg 768w, https:\/\/reviews-1xbet.net\/wp-content\/uploads\/2024\/10\/E-posta-ile-Kayit.jpg 1279w\" sizes=\"auto, (max-width: 1024px) 100vw, 1024px\" \/><figcaption class=\"wp-element-caption\">&nbsp;E-posta ile Kay\u0131t<\/figcaption><\/figure>\n\n\n\n<p>1xbet kay\u0131t i\u015fleminin nas\u0131l ger\u00e7ekle\u015ftirilece\u011fini buradan okuyun.1xBet&#8217;te hesap a\u00e7ma ve 1xBet web sitesindeki kay\u0131t formunu doldurma ad\u0131mlar\u0131 \u015funlard\u0131r:<\/p>\n\n\n\n<ul class=\"wp-block-list\">\n<li>1xbet&#8217;in resmi web sitesine gidin ve &#8220;Kay\u0131t&#8221; butonuna t\u0131klay\u0131n. 1xBet Giri\u015f Yap\u0131n.<\/li>\n\n\n\n<li>Kar\u015f\u0131n\u0131za \u00e7\u0131kan formu doldurun. Bu formda ki\u015fisel bilgilerinizi (ad, soyad, do\u011fum tarihi, e-posta adresi vb.) ve hesap bilgilerinizi (kullan\u0131c\u0131 ad\u0131, \u015fifre) girmeniz gerekecektir.<\/li>\n\n\n\n<li>Formu doldurduktan sonra, hesab\u0131n\u0131z\u0131 do\u011frulamak i\u00e7in size bir onay e-postas\u0131 g\u00f6nderilecektir. Bu e-postadaki linke t\u0131klayarak hesab\u0131n\u0131z\u0131 aktive edebilirsiniz.<\/li>\n<\/ul>\n\n\n\n<p>Ba\u015far\u0131l\u0131 bir \u015fekilde hesab\u0131n\u0131z\u0131 olu\u015fturdunuz! 1xbet Hesab\u0131n\u0131z\u0131 do\u011frulamak, 1xbet&#8217;in g\u00fcvenli\u011fini sa\u011flamak amac\u0131yla alm\u0131\u015f oldu\u011fu ek do\u011frulama prosed\u00fcr\u00fc aras\u0131nda gelmektedir. Bu y\u00fczden t\u00fcm ad\u0131mlar\u0131 profiliniz \u00fczerinden g\u00f6receksiniz.<\/p>\n\n\n\n<h2 class=\"wp-block-heading\"><strong>1XBET Bahis Sitesinin En \u00c7ekici 3 \u00dcr\u00fcn\u00fc<\/strong><\/h2>\n\n\n\n<h3 class=\"wp-block-heading\"><strong>#1. Spor Bahisleri<\/strong><\/h3>\n\n\n\n<figure class=\"wp-block-image aligncenter size-large\" id=\"attachment_1693\"><img loading=\"lazy\" decoding=\"async\" width=\"1024\" height=\"576\" src=\"https:\/\/reviews-1xbet.net\/wp-content\/uploads\/2024\/10\/1xBet-resmi-web-sitesi-Turkiyedaki-en-iyi-spor-bahisleri-1024x576.jpg\" alt=\"\" class=\"wp-image-262\" srcset=\"https:\/\/reviews-1xbet.net\/wp-content\/uploads\/2024\/10\/1xBet-resmi-web-sitesi-Turkiyedaki-en-iyi-spor-bahisleri-1024x576.jpg 1024w, https:\/\/reviews-1xbet.net\/wp-content\/uploads\/2024\/10\/1xBet-resmi-web-sitesi-Turkiyedaki-en-iyi-spor-bahisleri-300x169.jpg 300w, https:\/\/reviews-1xbet.net\/wp-content\/uploads\/2024\/10\/1xBet-resmi-web-sitesi-Turkiyedaki-en-iyi-spor-bahisleri-768x432.jpg 768w, https:\/\/reviews-1xbet.net\/wp-content\/uploads\/2024\/10\/1xBet-resmi-web-sitesi-Turkiyedaki-en-iyi-spor-bahisleri-1536x864.jpg 1536w, https:\/\/reviews-1xbet.net\/wp-content\/uploads\/2024\/10\/1xBet-resmi-web-sitesi-Turkiyedaki-en-iyi-spor-bahisleri.jpg 1558w\" sizes=\"auto, (max-width: 1024px) 100vw, 1024px\" \/><figcaption class=\"wp-element-caption\">1xBet resmi web sitesi &#8211; T\u00fcrkiye&#8217;daki en iyi spor bahisleri<\/figcaption><\/figure>\n\n\n\n<p>1XBET&#8217;te en \u00e7ok yat\u0131r\u0131m yap\u0131lan \u00fcr\u00fcnlerden biri olan <strong>Spor Bahisleri<\/strong>, futbol, basketbol, tenis, badminton gibi pop\u00fcler sporlar\u0131n tamam\u0131n\u0131 kapsamaktad\u0131r. Cazip oranlar ve \u00e7e\u015fitli bahis se\u00e7enekleri sunman\u0131n yan\u0131 s\u0131ra, 1XBET her g\u00fcn binlerce ma\u00e7\u0131 \u00fccretsiz canl\u0131 izleme olana\u011f\u0131 sa\u011flar.<\/p>\n\n\n\n<h3 class=\"wp-block-heading\"><strong>#2. Online Casino<\/strong><\/h3>\n\n\n\n<figure class=\"wp-block-image aligncenter size-large\"><img loading=\"lazy\" decoding=\"async\" width=\"1024\" height=\"570\" src=\"https:\/\/reviews-1xbet.net\/wp-content\/uploads\/2024\/10\/1xBet-Canli-Casino-1024x570.jpg\" alt=\"\" class=\"wp-image-263\" srcset=\"https:\/\/reviews-1xbet.net\/wp-content\/uploads\/2024\/10\/1xBet-Canli-Casino-1024x570.jpg 1024w, https:\/\/reviews-1xbet.net\/wp-content\/uploads\/2024\/10\/1xBet-Canli-Casino-300x167.jpg 300w, https:\/\/reviews-1xbet.net\/wp-content\/uploads\/2024\/10\/1xBet-Canli-Casino-768x427.jpg 768w, https:\/\/reviews-1xbet.net\/wp-content\/uploads\/2024\/10\/1xBet-Canli-Casino.jpg 1371w\" sizes=\"auto, (max-width: 1024px) 100vw, 1024px\" \/><figcaption class=\"wp-element-caption\">1xBet Canl\u0131 Casino<\/figcaption><\/figure>\n\n\n\n<p>E\u011fer online kart oyunlar\u0131n\u0131n hayran\u0131ysan\u0131z, 1XBET Casino platformunu g\u00f6rmezden gelmemelisiniz. G\u00fczel krupiyer k\u0131zlar\u0131n varl\u0131\u011f\u0131yla birlikte, 1XBET Casino piyasadaki en cazip ger\u00e7ek para kumar oyunlar\u0131n\u0131 sunar.<\/p>\n\n\n\n<h3 class=\"wp-block-heading\"><strong>#3. 1XGAMES<\/strong><\/h3>\n\n\n\n<figure class=\"wp-block-image aligncenter\"><img decoding=\"async\" src=\"https:\/\/reviews-1xbet.net\/wp-content\/uploads\/2024\/10\/EC98A8EB9DBCEC9DB8-EC8AACEBA1AF1-e1588234011560.png\" alt=\"\uc628\ub77c\uc778 \uc2ac\ub86f1\"\/><figcaption class=\"wp-element-caption\">How to use 1xgames bonus account<\/figcaption><\/figure>\n\n\n\n<p><strong>1XGAMES<\/strong>, 1XBET&#8217;in son y\u0131llarda geli\u015ftirmeye odakland\u0131\u011f\u0131 yeni bir aland\u0131r. Bu oyunlar, canl\u0131 ses efektleriyle birlikte g\u00f6rsel a\u00e7\u0131dan \u00f6zenle haz\u0131rlanm\u0131\u015ft\u0131r.<\/p>\n\n\n\n<ul class=\"wp-block-list\">\n<li>Bir\u00e7ok farkl\u0131 oyun ve oyunculara yeni deneyimler sunan bir\u00e7ok se\u00e7enek mevcuttur.<\/li>\n\n\n\n<li>Bu oyunlar, dikkat \u00e7eken canl\u0131 grafikler ve e\u011flenceli ses tasar\u0131m\u0131yla tasarlanm\u0131\u015ft\u0131r.<\/li>\n\n\n\n<li>Oyunlar, yeni ba\u015flayanlardan ustalara kadar \u00e7e\u015fitli seviyelere ayr\u0131lm\u0131\u015f olup, oyuncular kendilerine uygun oyun lobisini \u00f6zg\u00fcrce se\u00e7ebilirler.<\/li>\n<\/ul>\n\n\n\n<h2 class=\"wp-block-heading\">Sonu\u00e7<\/h2>\n\n\n\n<p>1XBET, T\u00fcrkiye pazar\u0131ndaki en k\u00f6kl\u00fc bahis sitelerinden biridir. \u00c7e\u015fitli bahis \u00fcr\u00fcnleri sunan g\u00fcvenilir bir bahis sitesi ar\u0131yorsan\u0131z, 1XBET&#8217;i g\u00f6z ard\u0131 etmeyin. 700000 NGN + 150 FS&#8217;e kadar ho\u015f geldin paketi bonus kazanabilece\u011finiz promosyon programlar\u0131 s\u0131n\u0131rl\u0131d\u0131r, bu y\u00fczden 1XBET&#8217;e kay\u0131t olmak i\u00e7in acele edin!<\/p>\n","protected":false},"excerpt":{"rendered":"<p>1XBET Kay\u0131t Ol \u2013 Online spor bahisleri 1xbet \u00fcyelik hesab\u0131 olu\u015fturma olduk\u00e7a kolay ve h\u0131zl\u0131 bir i\u015flemdir. Bu makalede, 1xbet \u00fcyelik i\u00e7in nas\u0131l kay\u0131t olabilece\u011finizi ad\u0131m ad\u0131m a\u00e7\u0131klayaca\u011f\u0131z. Ayr\u0131ca, hesab\u0131n\u0131z\u0131 do\u011frulaman\u0131n \u00f6nemini vurgulayaca\u011f\u0131z ve bu s\u00fcreci nas\u0131l tamamlayabilece\u011finizi detayl\u0131 bir \u015fekilde anlataca\u011f\u0131z. 1xbet, d\u00fcnya genelinde pop\u00fcler bir online bahis platformudur ve kullan\u0131c\u0131lar\u0131na geni\u015f bir oyun [&#8230;]\n","protected":false},"author":2,"featured_media":0,"parent":0,"menu_order":0,"comment_status":"closed","ping_status":"closed","template":"page-right-sidebar.php","meta":{"footnotes":""},"class_list":["post-28","page","type-page","status-publish","hentry"],"_links":{"self":[{"href":"https:\/\/reviews-1xbet.net\/en\/wp-json\/wp\/v2\/pages\/28","targetHints":{"allow":["GET"]}}],"collection":[{"href":"https:\/\/reviews-1xbet.net\/en\/wp-json\/wp\/v2\/pages"}],"about":[{"href":"https:\/\/reviews-1xbet.net\/en\/wp-json\/wp\/v2\/types\/page"}],"author":[{"embeddable":true,"href":"https:\/\/reviews-1xbet.net\/en\/wp-json\/wp\/v2\/users\/2"}],"replies":[{"embeddable":true,"href":"https:\/\/reviews-1xbet.net\/en\/wp-json\/wp\/v2\/comments?post=28"}],"version-history":[{"count":7,"href":"https:\/\/reviews-1xbet.net\/en\/wp-json\/wp\/v2\/pages\/28\/revisions"}],"predecessor-version":[{"id":304,"href":"https:\/\/reviews-1xbet.net\/en\/wp-json\/wp\/v2\/pages\/28\/revisions\/304"}],"wp:attachment":[{"href":"https:\/\/reviews-1xbet.net\/en\/wp-json\/wp\/v2\/media?parent=28"}],"curies":[{"name":"wp","href":"https:\/\/api.w.org\/{rel}","templated":true}]}}