{"id":271,"date":"2024-10-09T09:26:02","date_gmt":"2024-10-09T09:26:02","guid":{"rendered":"https:\/\/reviews-1xbet.net\/?page_id=271"},"modified":"2024-10-09T10:00:47","modified_gmt":"2024-10-09T10:00:47","slug":"1xbet-mobil","status":"publish","type":"page","link":"https:\/\/reviews-1xbet.net\/en\/1xbet-mobil\/","title":{"rendered":"1xbet Mobil\u00a0"},"content":{"rendered":"\n\n\n<p><strong><a href=\"https:\/\/reviews-1xbet.net\/\">1xbet <\/a><\/strong>mobil bahis uyumlu uygulamalar\u0131 ile t\u00fcm kullan\u0131c\u0131lar\u0131na h\u0131zl\u0131 ve kolay bahis imkan\u0131 sunuyor. 1xbet mobil sitesi t\u00fcrkiye adresine ile olduk\u00e7a geni\u015f bir a\u011fda hizmet vermektedir. \u0130nternet \u00fczerinden bahis oynatan firma bir de 1xbet mobil a\u011f\u0131 ile de hizmetlerine devam etmektedir. B\u00f6ylelikle b\u00fct\u00fcn kullan\u0131c\u0131lar sadece evlerinde de\u011fil cep telefonlar\u0131 veya tabletleri sayesinde her yerden siteye ula\u015fabilmektedir. Ayn\u0131 \u00f6zellikler ve i\u00e7erikler site i\u00e7erisinde oldu\u011fu gibi mobil \u00f6zelli\u011finde de bulunmaktad\u0131r.<\/p>\n\n\n\n<div class=\"wp-block-columns is-layout-flex wp-container-core-columns-is-layout-9d6595d7 wp-block-columns-is-layout-flex\">\n<div class=\"wp-block-column is-layout-flow wp-block-column-is-layout-flow\">\n<div class=\"wp-block-buttons is-content-justification-center is-layout-flex wp-container-core-buttons-is-layout-16018d1d wp-block-buttons-is-layout-flex\">\n<div class=\"wp-block-button\"><a class=\"wp-block-button__link wp-element-button\" href=\"https:\/\/reviews-1xbet.net\/\">1xbet Giri\u015f<\/a><\/div>\n<\/div>\n<\/div>\n\n\n\n<div class=\"wp-block-column is-layout-flow wp-block-column-is-layout-flow\">\n<div class=\"wp-block-buttons is-content-justification-center is-layout-flex wp-container-core-buttons-is-layout-16018d1d wp-block-buttons-is-layout-flex\">\n<div class=\"wp-block-button\"><a class=\"wp-block-button__link wp-element-button\" href=\"\/1xbet-kayit-ol\/\">1xbet Kay\u0131t Ol<\/a><\/div>\n<\/div>\n<\/div>\n\n\n\n<div class=\"wp-block-column is-layout-flow wp-block-column-is-layout-flow\">\n<div class=\"wp-block-buttons is-layout-flex wp-block-buttons-is-layout-flex\">\n<div class=\"wp-block-button\"><a class=\"wp-block-button__link wp-element-button\" href=\"\/promosyonlari\/\">Promosyonlari<\/a><\/div>\n<\/div>\n<\/div>\n\n\n\n<div class=\"wp-block-column is-layout-flow wp-block-column-is-layout-flow\">\n<div class=\"wp-block-buttons is-layout-flex wp-block-buttons-is-layout-flex\">\n<div class=\"wp-block-button\"><a class=\"wp-block-button__link wp-element-button\" href=\"\/para-cekme\/\">Para \u00c7ekme<\/a><\/div>\n<\/div>\n<\/div>\n\n\n\n<div class=\"wp-block-column is-layout-flow wp-block-column-is-layout-flow\">\n<div class=\"wp-block-buttons is-layout-flex wp-block-buttons-is-layout-flex\">\n<div class=\"wp-block-button\"><a class=\"wp-block-button__link wp-element-button\" href=\"\/para-yat\u0131r\u0131m\u0131\/\">Para Yat\u0131r\u0131m\u0131<\/a><\/div>\n<\/div>\n<\/div>\n<\/div>\n\n\n\n<h2 class=\"wp-block-heading\">1xBet mobil uygulamas\u0131nda bahisler yap\u0131n<\/h2>\n\n\n\n<p>Uygulamalar\u0131m\u0131z\u0131 s\u00fcrekli olarak geli\u015ftiriyor ve modern mobil cihazlar\u0131n sundu\u011fu t\u00fcm avantajlardan yararlanmaya \u00e7al\u0131\u015f\u0131yoruz.&nbsp;As\u0131l amac\u0131m\u0131z, basitlik ve g\u00fcvenli\u011fin yan\u0131 s\u0131ra en y\u00fcksek d\u00fczeyde kullan\u0131c\u0131 memnuniyetini sa\u011flamakt\u0131r.<\/p>\n\n\n\n<div class=\"wp-block-columns is-layout-flex wp-container-core-columns-is-layout-9d6595d7 wp-block-columns-is-layout-flex\">\n<div class=\"wp-block-column is-layout-flow wp-block-column-is-layout-flow\">\n<figure class=\"wp-block-image aligncenter size-full is-resized\"><img loading=\"lazy\" decoding=\"async\" width=\"355\" height=\"314\" src=\"https:\/\/reviews-1xbet.net\/wp-content\/uploads\/2024\/10\/a.jpg\" alt=\"\" class=\"wp-image-272\" style=\"width:161px;height:auto\" srcset=\"https:\/\/reviews-1xbet.net\/wp-content\/uploads\/2024\/10\/a.jpg 355w, https:\/\/reviews-1xbet.net\/wp-content\/uploads\/2024\/10\/a-300x265.jpg 300w\" sizes=\"auto, (max-width: 355px) 100vw, 355px\" \/><\/figure>\n\n\n\n<h3 class=\"wp-block-heading has-text-align-center\"><strong>Skorlar ve oranlar canl\u0131 olarak g\u00fcncellendi<\/strong><\/h3>\n<\/div>\n\n\n\n<div class=\"wp-block-column is-layout-flow wp-block-column-is-layout-flow\">\n<figure class=\"wp-block-image aligncenter size-full is-resized\"><img loading=\"lazy\" decoding=\"async\" width=\"362\" height=\"334\" src=\"https:\/\/reviews-1xbet.net\/wp-content\/uploads\/2024\/10\/b.jpg\" alt=\"\" class=\"wp-image-273\" style=\"width:157px;height:auto\" srcset=\"https:\/\/reviews-1xbet.net\/wp-content\/uploads\/2024\/10\/b.jpg 362w, https:\/\/reviews-1xbet.net\/wp-content\/uploads\/2024\/10\/b-300x277.jpg 300w\" sizes=\"auto, (max-width: 362px) 100vw, 362px\" \/><\/figure>\n\n\n\n<h3 class=\"wp-block-heading has-text-align-center\">Bahis ge\u00e7mi\u015finize h\u0131zl\u0131 eri\u015fim<\/h3>\n<\/div>\n\n\n\n<div class=\"wp-block-column is-layout-flow wp-block-column-is-layout-flow\">\n<figure class=\"wp-block-image aligncenter size-full is-resized\"><img loading=\"lazy\" decoding=\"async\" width=\"353\" height=\"295\" src=\"https:\/\/reviews-1xbet.net\/wp-content\/uploads\/2024\/10\/c.jpg\" alt=\"\" class=\"wp-image-274\" style=\"width:170px;height:auto\" srcset=\"https:\/\/reviews-1xbet.net\/wp-content\/uploads\/2024\/10\/c.jpg 353w, https:\/\/reviews-1xbet.net\/wp-content\/uploads\/2024\/10\/c-300x251.jpg 300w\" sizes=\"auto, (max-width: 353px) 100vw, 353px\" \/><\/figure>\n\n\n\n<h3 class=\"wp-block-heading has-text-align-center\">\u00c7ok \u00e7e\u015fitli CANLI etkinlikler<\/h3>\n<\/div>\n<\/div>\n\n\n\n<h2 class=\"wp-block-heading\"><strong>iOS uygulamas\u0131 nas\u0131l y\u00fcklenir<\/strong><\/h2>\n\n\n\n<figure class=\"wp-block-image aligncenter size-full\"><img loading=\"lazy\" decoding=\"async\" width=\"869\" height=\"478\" src=\"https:\/\/reviews-1xbet.net\/wp-content\/uploads\/2024\/10\/d.jpg\" alt=\"\" class=\"wp-image-275\" srcset=\"https:\/\/reviews-1xbet.net\/wp-content\/uploads\/2024\/10\/d.jpg 869w, https:\/\/reviews-1xbet.net\/wp-content\/uploads\/2024\/10\/d-300x165.jpg 300w, https:\/\/reviews-1xbet.net\/wp-content\/uploads\/2024\/10\/d-768x422.jpg 768w\" sizes=\"auto, (max-width: 869px) 100vw, 869px\" \/><\/figure>\n\n\n\n<div class=\"wp-block-columns is-layout-flex wp-container-core-columns-is-layout-9d6595d7 wp-block-columns-is-layout-flex\">\n<div class=\"wp-block-column is-layout-flow wp-block-column-is-layout-flow\">\n<p>1. <strong>App Store&#8217;u A\u00e7\u0131n<\/strong><br>iPhone veya iPad&#8217;inizde App Store uygulamas\u0131n\u0131 ba\u015flat\u0131n.<\/p>\n<\/div>\n\n\n\n<div class=\"wp-block-column is-layout-flow wp-block-column-is-layout-flow\">\n<p>2. <strong>Hesap B\u00f6l\u00fcm\u00fcne Gidin<\/strong><br>Sa\u011f \u00fcst k\u00f6\u015fedeki profil simgesine dokunarak hesab\u0131n\u0131za eri\u015fin.<\/p>\n<\/div>\n\n\n\n<div class=\"wp-block-column is-layout-flow wp-block-column-is-layout-flow\">\n<p>3. <strong>Ad\u0131n\u0131za T\u0131klay\u0131n<\/strong><br>Hesap bilgilerinizin yer ald\u0131\u011f\u0131 ekranda ad\u0131n\u0131za dokunun.<\/p>\n<\/div>\n<\/div>\n\n\n\n<figure class=\"wp-block-image aligncenter size-full\"><img loading=\"lazy\" decoding=\"async\" width=\"848\" height=\"488\" src=\"https:\/\/reviews-1xbet.net\/wp-content\/uploads\/2024\/10\/e.jpg\" alt=\"\" class=\"wp-image-276\" srcset=\"https:\/\/reviews-1xbet.net\/wp-content\/uploads\/2024\/10\/e.jpg 848w, https:\/\/reviews-1xbet.net\/wp-content\/uploads\/2024\/10\/e-300x173.jpg 300w, https:\/\/reviews-1xbet.net\/wp-content\/uploads\/2024\/10\/e-768x442.jpg 768w\" sizes=\"auto, (max-width: 848px) 100vw, 848px\" \/><\/figure>\n\n\n\n<div class=\"wp-block-columns is-layout-flex wp-container-core-columns-is-layout-9d6595d7 wp-block-columns-is-layout-flex\">\n<div class=\"wp-block-column is-layout-flow wp-block-column-is-layout-flow\">\n<p>4. <strong>&#8220;\u00dclke\/B\u00f6lge&#8221; Se\u00e7ene\u011fine Dokunun<\/strong><br>Hesap ayarlar\u0131n\u0131n alt k\u0131sm\u0131nda &#8220;\u00dclke\/B\u00f6lge&#8221; se\u00e7ene\u011fini bulun ve t\u0131klay\u0131n.<\/p>\n<\/div>\n\n\n\n<div class=\"wp-block-column is-layout-flow wp-block-column-is-layout-flow\">\n<p>5. <strong>&#8220;\u00dclke veya B\u00f6lge De\u011fi\u015ftir&#8221; Se\u00e7ene\u011fine Dokunun<\/strong><br>A\u00e7\u0131lan ekranda &#8220;\u00dclke veya B\u00f6lge De\u011fi\u015ftir&#8221; butonunu se\u00e7in.<\/p>\n<\/div>\n\n\n\n<div class=\"wp-block-column is-layout-flow wp-block-column-is-layout-flow\">\n<p>6. <strong>\u00dclke Olarak Kolombiya&#8217;y\u0131 Se\u00e7in<\/strong><br>Yeni \u00fclkenizi se\u00e7erken listeden &#8220;Kolombiya&#8221;y\u0131 bulun ve se\u00e7in.<\/p>\n<\/div>\n<\/div>\n\n\n\n<figure class=\"wp-block-image aligncenter size-full\"><img loading=\"lazy\" decoding=\"async\" width=\"865\" height=\"556\" src=\"https:\/\/reviews-1xbet.net\/wp-content\/uploads\/2024\/10\/f.jpg\" alt=\"\" class=\"wp-image-277\" srcset=\"https:\/\/reviews-1xbet.net\/wp-content\/uploads\/2024\/10\/f.jpg 865w, https:\/\/reviews-1xbet.net\/wp-content\/uploads\/2024\/10\/f-300x193.jpg 300w, https:\/\/reviews-1xbet.net\/wp-content\/uploads\/2024\/10\/f-768x494.jpg 768w\" sizes=\"auto, (max-width: 865px) 100vw, 865px\" \/><\/figure>\n\n\n\n<div class=\"wp-block-columns is-layout-flex wp-container-core-columns-is-layout-9d6595d7 wp-block-columns-is-layout-flex\">\n<div class=\"wp-block-column is-layout-flow wp-block-column-is-layout-flow\">\n<p>7. <strong>Kullan\u0131c\u0131 S\u00f6zle\u015fmesini Kabul Edin<\/strong><br>Kolombiya&#8217;y\u0131 se\u00e7tikten sonra, App Store&#8217;un yeni kullan\u0131c\u0131 s\u00f6zle\u015fmesini kabul edin.<\/p>\n<\/div>\n\n\n\n<div class=\"wp-block-column is-layout-flow wp-block-column-is-layout-flow\">\n<p>8. <strong>Adres Bilgilerini Doldurun<\/strong><br>G\u00f6sterilen alanlar\u0131 do\u011fru \u015fekilde doldurun. \u00d6deme y\u00f6ntemi olarak ise &#8220;Hi\u00e7biri&#8221; se\u00e7ene\u011fini i\u015faretleyin ve ard\u0131ndan &#8220;Sonraki&#8221; butonuna t\u0131klay\u0131n.<\/p>\n<\/div>\n\n\n\n<div class=\"wp-block-column is-layout-flow wp-block-column-is-layout-flow\">\n<p>9. <strong>1xBet Uygulamas\u0131n\u0131 Aray\u0131n<\/strong><br>App Store\u2019a d\u00f6nerek arama k\u0131sm\u0131na \u201c1xBet\u201d yaz\u0131n ya da do\u011frudan uygulamay\u0131 indirmek i\u00e7in bu ba\u011flant\u0131y\u0131 takip edin.<\/p>\n<\/div>\n<\/div>\n\n\n\n<figure class=\"wp-block-image aligncenter size-full\"><img loading=\"lazy\" decoding=\"async\" width=\"833\" height=\"600\" src=\"https:\/\/reviews-1xbet.net\/wp-content\/uploads\/2024\/10\/g.jpg\" alt=\"\" class=\"wp-image-278\" srcset=\"https:\/\/reviews-1xbet.net\/wp-content\/uploads\/2024\/10\/g.jpg 833w, https:\/\/reviews-1xbet.net\/wp-content\/uploads\/2024\/10\/g-300x216.jpg 300w, https:\/\/reviews-1xbet.net\/wp-content\/uploads\/2024\/10\/g-768x553.jpg 768w\" sizes=\"auto, (max-width: 833px) 100vw, 833px\" \/><\/figure>\n\n\n\n<div class=\"wp-block-columns is-layout-flex wp-container-core-columns-is-layout-9d6595d7 wp-block-columns-is-layout-flex\">\n<div class=\"wp-block-column is-layout-flow wp-block-column-is-layout-flow\">\n<p>10. <strong>Hata Mesaj\u0131 Al\u0131rsan\u0131z Yeni Bir Apple Kimli\u011fi Olu\u015fturun<\/strong><br>E\u011fer bir hata mesaj\u0131 al\u0131rsan\u0131z, yeni bir Apple kimli\u011fi olu\u015fturman\u0131z gerekebilir. Bunun i\u00e7in appleid.apple.com adresine gidin ve Kolombiya\u2019y\u0131 se\u00e7erek yeni bir hesap olu\u015fturun.<\/p>\n<\/div>\n\n\n\n<div class=\"wp-block-column is-layout-flow wp-block-column-is-layout-flow\">\n<p>11. <strong>Oturumu Kapat\u0131n<\/strong><br>\u00dc\u00e7\u00fcnc\u00fc ad\u0131ma d\u00f6nerek mevcut hesab\u0131n\u0131zdan \u00e7\u0131k\u0131\u015f yap\u0131n.<\/p>\n<\/div>\n\n\n\n<div class=\"wp-block-column is-layout-flow wp-block-column-is-layout-flow\">\n<p>12. <strong>Yeni Hesapla Oturum A\u00e7\u0131n<\/strong><br>Yeni olu\u015fturdu\u011funuz Kolombiya hesab\u0131yla App Store&#8217;a giri\u015f yap\u0131n ve ard\u0131ndan 9. ad\u0131ma ge\u00e7erek 1xBet\u2019i indirin.<\/p>\n<\/div>\n<\/div>\n\n\n\n<h2 class=\"wp-block-heading\">Android \u0130\u00e7in 1xBet Uygulamas\u0131 Nas\u0131l \u0130ndirilir<\/h2>\n\n\n\n<figure class=\"wp-block-image size-large\"><img loading=\"lazy\" decoding=\"async\" width=\"1024\" height=\"267\" src=\"https:\/\/reviews-1xbet.net\/wp-content\/uploads\/2024\/10\/1xbet-app-1024x267.jpg\" alt=\"\" class=\"wp-image-280\" srcset=\"https:\/\/reviews-1xbet.net\/wp-content\/uploads\/2024\/10\/1xbet-app-1024x267.jpg 1024w, https:\/\/reviews-1xbet.net\/wp-content\/uploads\/2024\/10\/1xbet-app-300x78.jpg 300w, https:\/\/reviews-1xbet.net\/wp-content\/uploads\/2024\/10\/1xbet-app-768x200.jpg 768w, https:\/\/reviews-1xbet.net\/wp-content\/uploads\/2024\/10\/1xbet-app-1536x400.jpg 1536w, https:\/\/reviews-1xbet.net\/wp-content\/uploads\/2024\/10\/1xbet-app.jpg 1638w\" sizes=\"auto, (max-width: 1024px) 100vw, 1024px\" \/><\/figure>\n\n\n\n<p>1xBet Android uygulamas\u0131n\u0131 indirmek olduk\u00e7a basittir. \u0130lk olarak, 1xBet\u2019in resmi web sitesine girerek \u201c1xBet apk indir\u201d se\u00e7ene\u011fini bulman\u0131z gerekmektedir. APK dosyas\u0131n\u0131 indirdikten sonra, cihaz\u0131n\u0131z\u0131n ayarlar\u0131ndan \u201cBilinmeyen Kaynaklar\u201da izin vermeniz gerekecek. Bu ayar\u0131 aktif hale getirdikten sonra, indirdi\u011finiz APK dosyas\u0131n\u0131 a\u00e7arak kurulum i\u015flemini tamamlayabilirsiniz. Kurulum tamamland\u0131ktan sonra, uygulamay\u0131 a\u00e7arak hesab\u0131n\u0131za giri\u015f yapabilir ve bahis yapmaya ba\u015flayabilirsiniz.<\/p>\n\n\n\n<p>1xBet Android uygulamas\u0131, belirli sistem gereksinimlerine sahiptir. Uygulaman\u0131n sorunsuz bir \u015fekilde \u00e7al\u0131\u015fabilmesi i\u00e7in cihaz\u0131n\u0131z\u0131n Android 5.0 veya daha \u00fcst\u00fc bir i\u015fletim sistemine sahip olmas\u0131 gerekmektedir. Ayr\u0131ca, cihaz\u0131n\u0131zda yeterli depolama alan\u0131 bulunmal\u0131d\u0131r. \u0130nternet ba\u011flant\u0131n\u0131z\u0131n stabil ve h\u0131zl\u0131 olmas\u0131 da uygulaman\u0131n performans\u0131 a\u00e7\u0131s\u0131ndan \u00f6nemlidir.<\/p>\n\n\n\n<h2 class=\"wp-block-heading\">1xbet Mobil Giri\u015f<\/h2>\n\n\n\n<figure class=\"wp-block-image aligncenter size-full\"><img loading=\"lazy\" decoding=\"async\" width=\"806\" height=\"369\" src=\"https:\/\/reviews-1xbet.net\/wp-content\/uploads\/2024\/10\/1xBet-Giris-yeni-adresi.jpg\" alt=\"\" class=\"wp-image-279\" srcset=\"https:\/\/reviews-1xbet.net\/wp-content\/uploads\/2024\/10\/1xBet-Giris-yeni-adresi.jpg 806w, https:\/\/reviews-1xbet.net\/wp-content\/uploads\/2024\/10\/1xBet-Giris-yeni-adresi-300x137.jpg 300w, https:\/\/reviews-1xbet.net\/wp-content\/uploads\/2024\/10\/1xBet-Giris-yeni-adresi-768x352.jpg 768w\" sizes=\"auto, (max-width: 806px) 100vw, 806px\" \/><figcaption class=\"wp-element-caption\">1xBet Giri\u015f yeni adresi<\/figcaption><\/figure>\n\n\n\n<p>Web arac\u0131l\u0131\u011f\u0131 ile eri\u015fim sa\u011flayabilece\u011finiz spor bahisleri b\u00f6l\u00fcm\u00fc ile canl\u0131 bahis b\u00f6l\u00fcm\u00fcne, ayn\u0131 \u00f6zellikler ile son derece kaliteli bir \u015fekilde mobil \u00fczerinden de ula\u015fabilir ve bu y\u00f6nde de i\u015flem yapabilirsiniz. Ayr\u0131ca Casino oyun t\u00fcrleri ile tavla, okey, bingo, tombala, borsa ve di\u011fer bunun gibi \u00e7e\u015fitli bahis servisleri ile ve Casino servisleri ile de mobil \u00fczerinden i\u015flem yapabilir ve kazan\u00e7 elde etme \u015fans\u0131na sahip olarak site \u00fczerinden para \u00e7ekebilirsiniz. 1xbet Giri\u015f sayfas\u0131nda oldu\u011fu gibi 1xbet mobil giri\u015f sayfas\u0131nda da ba\u011flant\u0131 kurmak olduk\u00e7a kolay ve g\u00fcvenlidir.<\/p>\n\n\n\n<p>1xbet bahis sitesine giri\u015f i\u015flemi ger\u00e7ekle\u015ftirebilmek i\u00e7in telefonunuza uygun bir taray\u0131c\u0131 kullanman\u0131z gerekir. Bu \u015fekilde siteye kolay bir \u015fekilde eri\u015fim sa\u011flama imkan\u0131n\u0131z olur. 1xbet mobil giri\u015f adresi masa\u00fcst\u00fc adresi ile ayn\u0131d\u0131r. Mobil giri\u015f adresini kullanarak siteye eri\u015fim sa\u011flaman\u0131z m\u00fcmk\u00fcnd\u00fcr. Mobil giri\u015f i\u00e7in telefonunuzun i\u015fletim sistemi son derece \u00f6nemlidir. Bu i\u015fletim sistemine g\u00f6re siteyi a\u00e7mak i\u00e7in kullanaca\u011f\u0131n\u0131z taray\u0131c\u0131y\u0131 se\u00e7ersiniz.<\/p>\n","protected":false},"excerpt":{"rendered":"<p>1xbet mobil bahis uyumlu uygulamalar\u0131 ile t\u00fcm kullan\u0131c\u0131lar\u0131na h\u0131zl\u0131 ve kolay bahis imkan\u0131 sunuyor. 1xbet mobil sitesi t\u00fcrkiye adresine ile olduk\u00e7a geni\u015f bir a\u011fda hizmet vermektedir. \u0130nternet \u00fczerinden bahis oynatan firma bir de 1xbet mobil a\u011f\u0131 ile de hizmetlerine devam etmektedir. B\u00f6ylelikle b\u00fct\u00fcn kullan\u0131c\u0131lar sadece evlerinde de\u011fil cep telefonlar\u0131 veya tabletleri sayesinde her yerden siteye [&#8230;]\n","protected":false},"author":2,"featured_media":0,"parent":0,"menu_order":0,"comment_status":"closed","ping_status":"closed","template":"","meta":{"footnotes":""},"class_list":["post-271","page","type-page","status-publish","hentry"],"_links":{"self":[{"href":"https:\/\/reviews-1xbet.net\/en\/wp-json\/wp\/v2\/pages\/271","targetHints":{"allow":["GET"]}}],"collection":[{"href":"https:\/\/reviews-1xbet.net\/en\/wp-json\/wp\/v2\/pages"}],"about":[{"href":"https:\/\/reviews-1xbet.net\/en\/wp-json\/wp\/v2\/types\/page"}],"author":[{"embeddable":true,"href":"https:\/\/reviews-1xbet.net\/en\/wp-json\/wp\/v2\/users\/2"}],"replies":[{"embeddable":true,"href":"https:\/\/reviews-1xbet.net\/en\/wp-json\/wp\/v2\/comments?post=271"}],"version-history":[{"count":2,"href":"https:\/\/reviews-1xbet.net\/en\/wp-json\/wp\/v2\/pages\/271\/revisions"}],"predecessor-version":[{"id":282,"href":"https:\/\/reviews-1xbet.net\/en\/wp-json\/wp\/v2\/pages\/271\/revisions\/282"}],"wp:attachment":[{"href":"https:\/\/reviews-1xbet.net\/en\/wp-json\/wp\/v2\/media?parent=271"}],"curies":[{"name":"wp","href":"https:\/\/api.w.org\/{rel}","templated":true}]}}