{"id":125,"date":"2024-10-03T07:28:11","date_gmt":"2024-10-03T07:28:11","guid":{"rendered":"http:\/\/reviews-1xbet.net\/?page_id=125"},"modified":"2024-10-11T09:42:20","modified_gmt":"2024-10-11T09:42:20","slug":"promosyonlari","status":"publish","type":"page","link":"https:\/\/reviews-1xbet.net\/en\/promosyonlari\/","title":{"rendered":"Promosyonlari"},"content":{"rendered":"\n<h1 class=\"wp-block-heading\">1XBET Promosyon Kodu &#8211; 700000 NGN + 150 FS&#8217;e kadar ho\u015f geldin paketi<\/h1>\n\n\n\n<p><strong><a href=\"https:\/\/reviews-1xbet.net\/\">1xBet<\/a><\/strong> T\u00fcrkiye, Curacao h\u00fck\u00fcmetinin d\u00fczenlemelerine uygun olarak \u00e7al\u0131\u015fan lisansl\u0131 bir \u00e7evrimi\u00e7i spor kitab\u0131 ve kumarhanedir. \u015eirket, yakla\u015f\u0131k yar\u0131m milyon kay\u0131tl\u0131 oyuncuyu e\u011flendirme sanat\u0131nda ustala\u015fm\u0131\u015ft\u0131r. Bu 1xBet&#8217;in ba\u015far\u0131s\u0131n\u0131n p\u00fcf noktas\u0131 y\u00fcksek kalitesi ve bahis yap\u0131labilecek oyun ve spor miktar\u0131n\u0131n yan\u0131 s\u0131ra etkileyici bonus se\u00e7enekleridir.<\/p>\n\n\n\n<div class=\"wp-block-columns is-layout-flex wp-container-core-columns-is-layout-9d6595d7 wp-block-columns-is-layout-flex\">\n<div class=\"wp-block-column is-layout-flow wp-block-column-is-layout-flow\">\n<div class=\"wp-block-buttons is-content-justification-center is-layout-flex wp-container-core-buttons-is-layout-16018d1d wp-block-buttons-is-layout-flex\">\n<div class=\"wp-block-button\"><a class=\"wp-block-button__link wp-element-button\" href=\"https:\/\/reviews-1xbet.net\/\">1xbet Giri\u015f<\/a><\/div>\n<\/div>\n<\/div>\n\n\n\n<div class=\"wp-block-column is-layout-flow wp-block-column-is-layout-flow\">\n<div class=\"wp-block-buttons is-content-justification-center is-layout-flex wp-container-core-buttons-is-layout-16018d1d wp-block-buttons-is-layout-flex\">\n<div class=\"wp-block-button\"><a class=\"wp-block-button__link wp-element-button\" href=\"\/1xbet-mobil\/\">1xbet Mobil<\/a><\/div>\n<\/div>\n<\/div>\n\n\n\n<div class=\"wp-block-column is-layout-flow wp-block-column-is-layout-flow\">\n<div class=\"wp-block-buttons is-layout-flex wp-block-buttons-is-layout-flex\">\n<div class=\"wp-block-button\"><a class=\"wp-block-button__link wp-element-button\" href=\"\/promosyonlari\/\">Promosyonlari<\/a><\/div>\n<\/div>\n<\/div>\n\n\n\n<div class=\"wp-block-column is-layout-flow wp-block-column-is-layout-flow\">\n<div class=\"wp-block-buttons is-layout-flex wp-block-buttons-is-layout-flex\">\n<div class=\"wp-block-button\"><a class=\"wp-block-button__link wp-element-button\" href=\"\/para-cekme\/\">Para \u00c7ekme<\/a><\/div>\n<\/div>\n<\/div>\n\n\n\n<div class=\"wp-block-column is-layout-flow wp-block-column-is-layout-flow\">\n<div class=\"wp-block-buttons is-layout-flex wp-block-buttons-is-layout-flex\">\n<div class=\"wp-block-button\"><a class=\"wp-block-button__link wp-element-button\" href=\"\/para-yat\u0131r\u0131m\u0131\/\">Para Yat\u0131r\u0131m\u0131<\/a><\/div>\n<\/div>\n<\/div>\n<\/div>\n\n\n\n<h2 class=\"wp-block-heading\">1xBet Promosyon Koduyla Nas\u0131l Kaydolunur?<\/h2>\n\n\n\n<p>1xBet bir dakikadan k\u0131sa s\u00fcrede kay\u0131t olabilirsiniz ve 1xBet promosyon kodu\u00a0<strong>NEWBONUS &#8211; 1XBET6666\u00a0<\/strong>kullan\u0131rken bonusunuzu talep etmek \u00e7ok kolayd\u0131r.<\/p>\n\n\n\n<ol class=\"wp-block-list\">\n<li>Bu ba\u011flant\u0131 arac\u0131l\u0131\u011f\u0131yla 1xbet mobil veya 1xbet apk gidin. H\u0131zl\u0131 bir \u015fekilde yeni bir hesap a\u00e7abilece\u011finiz zaman, sizi do\u011frudan 1xBet kay\u0131t sayfas\u0131na g\u00f6t\u00fcr\u00fcr.<\/li>\n\n\n\n<li>&#8216;Kay\u0131t&#8217; d\u00fc\u011fmesini t\u0131klay\u0131n ve k\u0131sa formu doldurun. Cep telefonu numaran\u0131z\u0131 veya e-posta adresinizi kullanarak kay\u0131t olmay\u0131 se\u00e7ebilirsiniz. Alternatif olarak, s\u00fcper h\u0131zl\u0131 tek t\u0131klama y\u00f6ntemini kullanarak kay\u0131t olabilirsiniz.<\/li>\n\n\n\n<li>Kodunuz istendi\u011finde 1xBet promosyon kodu <strong>1XBET6666\u00a0<\/strong>girin. Bu, bonusunuzu talep etmenizi sa\u011flayacakt\u0131r.<\/li>\n<\/ol>\n\n\n\n<p>Kay\u0131t olduktan sonra bonusunuzu alabilir ve bahislerinizi oynamaya ba\u015flayabilirsiniz.<\/p>\n\n\n\n<div class=\"wp-block-buttons mb20 is-content-justification-center is-layout-flex wp-container-core-buttons-is-layout-16018d1d wp-block-buttons-is-layout-flex\">\n<div class=\"wp-block-button has-custom-font-size has-small-font-size\"><a class=\"wp-block-button__link has-primary-background-color has-background wp-element-button\" href=\"\/go\/1xbet\/\" style=\"border-radius:0px\">1xbet Giri\u015f #1<\/a><\/div>\n\n\n\n<div class=\"wp-block-button has-custom-font-size has-small-font-size\"><a class=\"wp-block-button__link has-success-background-color has-background wp-element-button\" href=\"\/go\/1xbet\/\" style=\"border-radius:0px\">1xbet Yeni Giri\u015f #2<\/a><\/div>\n\n\n\n<div class=\"wp-block-button has-custom-font-size has-small-font-size\"><a class=\"wp-block-button__link has-secondary-background-color has-background wp-element-button\" href=\"\/go\/1xbet\/\" style=\"border-radius:0px\">1xbet G\u00fcncel Giri\u015f #3<\/a><\/div>\n<\/div>\n\n\n\n<figure class=\"wp-block-image aligncenter size-large\" id=\"attachment_5941\"><img loading=\"lazy\" decoding=\"async\" width=\"1024\" height=\"417\" src=\"https:\/\/reviews-1xbet.net\/wp-content\/uploads\/2024\/10\/1XBET-Promosyon-Kodu-1XBET6666-1024x417.jpg\" alt=\"\" class=\"wp-image-301\" srcset=\"https:\/\/reviews-1xbet.net\/wp-content\/uploads\/2024\/10\/1XBET-Promosyon-Kodu-1XBET6666-1024x417.jpg 1024w, https:\/\/reviews-1xbet.net\/wp-content\/uploads\/2024\/10\/1XBET-Promosyon-Kodu-1XBET6666-300x122.jpg 300w, https:\/\/reviews-1xbet.net\/wp-content\/uploads\/2024\/10\/1XBET-Promosyon-Kodu-1XBET6666-768x313.jpg 768w, https:\/\/reviews-1xbet.net\/wp-content\/uploads\/2024\/10\/1XBET-Promosyon-Kodu-1XBET6666-1536x625.jpg 1536w, https:\/\/reviews-1xbet.net\/wp-content\/uploads\/2024\/10\/1XBET-Promosyon-Kodu-1XBET6666.jpg 1880w\" sizes=\"auto, (max-width: 1024px) 100vw, 1024px\" \/><figcaption class=\"wp-element-caption\">1XBET Promosyon Kodu 1XBET6666<\/figcaption><\/figure>\n\n\n\n<h2 class=\"wp-block-heading\">1xBet&#8217;te E\u015fsiz Bonus ve Promosyonlar<\/h2>\n\n\n\n<p>1xBet, oyunculara sundu\u011fu benzersiz bonuslar ve f\u0131rsatlarla kazan\u00e7lar\u0131n\u0131z\u0131 art\u0131rmay\u0131 hedefliyor. \u0130\u015fte sizler i\u00e7in derledi\u011fimiz en pop\u00fcler teklifler:<\/p>\n\n\n\n<h3 class=\"wp-block-heading\">%300 \u0130lk Yat\u0131r\u0131m Bonusu<\/h3>\n\n\n\n<figure class=\"wp-block-image aligncenter size-full\"><img loading=\"lazy\" decoding=\"async\" width=\"743\" height=\"315\" src=\"https:\/\/reviews-1xbet.net\/wp-content\/uploads\/2024\/10\/4.jpg\" alt=\"\" class=\"wp-image-247\" srcset=\"https:\/\/reviews-1xbet.net\/wp-content\/uploads\/2024\/10\/4.jpg 743w, https:\/\/reviews-1xbet.net\/wp-content\/uploads\/2024\/10\/4-300x127.jpg 300w\" sizes=\"auto, (max-width: 743px) 100vw, 743px\" \/><\/figure>\n\n\n\n<p>1xBet&#8217;e yeni \u00fcye olun ve ilk para yat\u0131rma i\u015fleminizde tam <strong>145,600 NGN<\/strong>&#8216;ye kadar %300 bonus kazan\u0131n! Bu f\u0131rsat, 1xBet d\u00fcnyas\u0131na ad\u0131m atanlar i\u00e7in m\u00fckemmel bir ba\u015flang\u0131\u00e7. Hemen <strong>1xbet yeni giri\u015f<\/strong> \u00fczerinden kayd\u0131n\u0131z\u0131 tamamlayarak bu avantaj\u0131 yakalayabilirsiniz.<\/p>\n\n\n\n<h3 class=\"wp-block-heading\">\u041ePAY ile Yat\u0131r\u0131mlarda %10 Cashback<\/h3>\n\n\n\n<p>OPAY ile yapt\u0131\u011f\u0131n\u0131z her para yat\u0131rma i\u015fleminde <strong>%10 geri \u00f6deme<\/strong> bonusu sizleri bekliyor! Bu \u00f6zel f\u0131rsat, oyuncular\u0131m\u0131za kazan\u00e7l\u0131 bir deneyim sunman\u0131n bir di\u011fer yolu. Ka\u00e7\u0131rmay\u0131n!<\/p>\n\n\n\n<h3 class=\"wp-block-heading\">Ho\u015f Geldin Paketi: 700,000 NGN + 150 \u00dccretsiz D\u00f6nd\u00fcrme<\/h3>\n\n\n\n<figure class=\"wp-block-image aligncenter size-full\"><img loading=\"lazy\" decoding=\"async\" width=\"725\" height=\"311\" src=\"https:\/\/reviews-1xbet.net\/wp-content\/uploads\/2024\/10\/7.jpg\" alt=\"\" class=\"wp-image-250\" srcset=\"https:\/\/reviews-1xbet.net\/wp-content\/uploads\/2024\/10\/7.jpg 725w, https:\/\/reviews-1xbet.net\/wp-content\/uploads\/2024\/10\/7-300x129.jpg 300w\" sizes=\"auto, (max-width: 725px) 100vw, 725px\" \/><\/figure>\n\n\n\n<p>Hesab\u0131n\u0131za ilk yat\u0131r\u0131m\u0131n\u0131z\u0131 yaparak tam <strong>700,000 NGN<\/strong>&#8216;ye kadar bonus ve ek olarak <strong>150 bedava d\u00f6nd\u00fcrme<\/strong> kazanma \u015fans\u0131n\u0131 elde edin. B\u00fcy\u00fck kazanmak i\u00e7in m\u00fckemmel bir f\u0131rsat! Bu avantajl\u0131 paketi almak i\u00e7in <strong>1xbet giri\u015f<\/strong> yap\u0131n ve hemen oynamaya ba\u015flay\u0131n.<\/p>\n\n\n\n<h3 class=\"wp-block-heading\">VIP Casino Cashback<\/h3>\n\n\n\n<p>Sad\u0131k oyuncular\u0131m\u0131za minnettarl\u0131\u011f\u0131m\u0131z\u0131 g\u00f6stermek i\u00e7in yeni VIP sadakat program\u0131m\u0131z\u0131 sunuyoruz. Bu programla, \u00f6zel <strong>VIP Cashback<\/strong> \u00f6d\u00fclleri kazanabilir ve oyun keyfinizi bir \u00fcst seviyeye ta\u015f\u0131yabilirsiniz. Te\u015fekk\u00fcrlerimizi bu \u00f6zel avantajla sunmaktan gurur duyuyoruz!<\/p>\n\n\n\n<h3 class=\"wp-block-heading\">\u00c7ar\u015famba G\u00fcn\u00fc F\u0131rsatlar\u0131: Kazan\u00e7lar\u0131n\u0131z\u0131 \u0130kiye Katlay\u0131n<\/h3>\n\n\n\n<p>Her \u00c7ar\u015famba g\u00fcn\u00fc, tam <strong>300 EUR<\/strong>&#8216;ya kadar kazanma f\u0131rsat\u0131n\u0131 ikiye katl\u0131yoruz! Bu \u00f6zel teklif yaln\u0131zca &#8220;\u015eansl\u0131 Cuma&#8221; promosyonuna kat\u0131lm\u0131\u015f kullan\u0131c\u0131lar i\u00e7in ge\u00e7erlidir. Kazan\u00e7lar\u0131n\u0131z\u0131 art\u0131rmak i\u00e7in <strong>1xbet t\u00fcrkiye<\/strong> \u00fczerinden giri\u015f yapmay\u0131 unutmay\u0131n.<\/p>\n\n\n\n<h3 class=\"wp-block-heading\">Sadakat Her Zaman \u00d6d\u00fcllendirilir<\/h3>\n\n\n\n<p>Onuncu para yat\u0131rma i\u015fleminizi ger\u00e7ekle\u015ftirin ve slot oyunlar\u0131nda <strong>100\u2019e kadar \u00fccretsiz d\u00f6nd\u00fcrme<\/strong> ve %50 bonus kazan\u0131n! 1xBet oyuncular\u0131n\u0131n sadakatini takdir ediyor ve her ad\u0131mda daha fazla kazan\u00e7 sa\u011fl\u0131yoruz.<\/p>\n\n\n\n<h2 class=\"wp-block-heading\">Di\u011fer Promosyonlar<\/h2>\n\n\n\n<p>1xBet&#8217;teki promosyonlar\u0131n en \u00f6nemli k\u0131sm\u0131 spor bahisleri i\u00e7in tasarlanm\u0131\u015ft\u0131r. \u0130lk para yat\u0131rma bonusunun yan\u0131 s\u0131ra, spor kitab\u0131, \u015eansl\u0131 Cuma ve X2 \u00c7ar\u015famba Promosyonu gibi ge\u00e7ici olabilecek birka\u00e7 yeniden y\u00fckleme bonusu ve promosyonu sunar. Ge\u00e7ici promosyonlara kat\u0131l\u0131m\u0131 y\u00f6netmek i\u00e7in Promosyonlar sayfas\u0131n\u0131 d\u00fczenli olarak kontrol edin.<\/p>\n\n\n\n<figure class=\"wp-block-image aligncenter size-large\"><img loading=\"lazy\" decoding=\"async\" width=\"1024\" height=\"357\" src=\"https:\/\/reviews-1xbet.net\/wp-content\/uploads\/2024\/10\/Diger-Promosyonlar-1xbet-Casino-1024x357.jpg\" alt=\"\" class=\"wp-image-302\" srcset=\"https:\/\/reviews-1xbet.net\/wp-content\/uploads\/2024\/10\/Diger-Promosyonlar-1xbet-Casino-1024x357.jpg 1024w, https:\/\/reviews-1xbet.net\/wp-content\/uploads\/2024\/10\/Diger-Promosyonlar-1xbet-Casino-300x105.jpg 300w, https:\/\/reviews-1xbet.net\/wp-content\/uploads\/2024\/10\/Diger-Promosyonlar-1xbet-Casino-768x268.jpg 768w, https:\/\/reviews-1xbet.net\/wp-content\/uploads\/2024\/10\/Diger-Promosyonlar-1xbet-Casino-1536x536.jpg 1536w, https:\/\/reviews-1xbet.net\/wp-content\/uploads\/2024\/10\/Diger-Promosyonlar-1xbet-Casino.jpg 1857w\" sizes=\"auto, (max-width: 1024px) 100vw, 1024px\" \/><figcaption class=\"wp-element-caption\">Di\u011fer Promosyonlar 1xbet Casino<\/figcaption><\/figure>\n\n\n\n<p>1xBet kal\u0131c\u0131 promosyonlar\u0131na gelince, en \u00f6nemlileri a\u015fa\u011f\u0131daki gibidir:<\/p>\n\n\n\n<ul class=\"wp-block-list\">\n<li>G\u00fcn\u00fcn Ak\u00fcm\u00fclat\u00f6r\u00fc: 1xBet her g\u00fcn 1.000&#8217;den fazla spor etkinli\u011fini kapsar ve en dikkat \u00e7ekici olanlar G\u00fcn\u00fcn Ak\u00fcm\u00fclat\u00f6r\u00fc promosyonuna dahil edilir. Promosyona kat\u0131lmak i\u00e7in, hangi etkinli\u011fin promosyon i\u00e7in i\u015faretlendi\u011fini kontrol edin ve bir ak\u00fcm\u00fclat\u00f6r bahsi yap\u0131n ve an\u0131nda oranlarda% 10 art\u0131\u015f elde edin.<\/li>\n\n\n\n<li>Advancebet: Bir 1xBet, 48 saat i\u00e7inde ba\u015flayacak sporlara yerle\u015ftirmek i\u00e7in mevcut Advancebet miktar\u0131n\u0131 g\u00f6rmek i\u00e7in bahis kuponlar\u0131n\u0131 periyodik olarak kontrol etmelidir.<\/li>\n\n\n\n<li>200% Kazan\u00e7: 1xGames oynarken, bu 1xBet promosyonu ile kazanc\u0131n\u0131z\u0131 ikiye katlayabilirsiniz. Bonus, hesap, IP adresi, ev ve bilgisayar ba\u015f\u0131na bir kez kullan\u0131labilir. Promosyon kapsam\u0131ndaki minimum bahis miktar\u0131 2$&#8217;d\u0131r. 10K&#8217;dan fazla bahis g\u00fcnl\u00fck olarak rastgele se\u00e7ilir ve kazan\u00e7lar\u0131 x2 oran\u0131yla \u00e7arp\u0131labilir. A\u00e7\u0131k\u00e7as\u0131, ne kadar \u00e7ok bahis oynarsan\u0131z, bu bahislerden herhangi birini \u015fansl\u0131 hale getirme \u015fans\u0131n\u0131z o kadar y\u00fcksek olur.<\/li>\n\n\n\n<li>Uygulama &amp; Kazan: Bir di\u011fer kal\u0131c\u0131 1xBet promosyonu ise mobil uygulama \u00fczerinden oynamay\u0131 tercih eden kumarbazlara veriliyor. Uygulamay\u0131 indirin, uygulama \u00fczerinden 1.6 veya daha y\u00fcksek oranlarda en az 4$&#8217;l\u0131k bahisler yap\u0131n ve harika \u00f6d\u00fcllerden birini kazanmak i\u00e7in \u00e7ark\u0131 \u00e7evirin. \u00d6nerilen \u00f6d\u00fcller aras\u0131nda 1 promosyon bileti, Sadakat Program\u0131 i\u00e7in 50 ila 500 bonus puan, 1 ila 5 $ aras\u0131nda \u00fccretsiz bahis veya \u015eans \u00c7ark\u0131&#8217;nda bir ila be\u015f \u00fccretsiz d\u00f6n\u00fc\u015f bulunmaktad\u0131r.<\/li>\n<\/ul>\n\n\n\n<h2 class=\"wp-block-heading\">1xbet&#8217;ten bonus alma \u015fartlar\u0131<\/h2>\n\n\n\n<figure class=\"wp-block-image aligncenter size-large\" id=\"attachment_5365\"><img loading=\"lazy\" decoding=\"async\" width=\"1024\" height=\"570\" src=\"https:\/\/reviews-1xbet.net\/wp-content\/uploads\/2024\/10\/1xBet-Canli-Casino-1024x570.jpg\" alt=\"\" class=\"wp-image-263\" srcset=\"https:\/\/reviews-1xbet.net\/wp-content\/uploads\/2024\/10\/1xBet-Canli-Casino-1024x570.jpg 1024w, https:\/\/reviews-1xbet.net\/wp-content\/uploads\/2024\/10\/1xBet-Canli-Casino-300x167.jpg 300w, https:\/\/reviews-1xbet.net\/wp-content\/uploads\/2024\/10\/1xBet-Canli-Casino-768x427.jpg 768w, https:\/\/reviews-1xbet.net\/wp-content\/uploads\/2024\/10\/1xBet-Canli-Casino.jpg 1371w\" sizes=\"auto, (max-width: 1024px) 100vw, 1024px\" \/><figcaption class=\"wp-element-caption\">1xbet casino oyunlar\u0131 &#8211; 1xbet promosyon kodu<\/figcaption><\/figure>\n\n\n\n<p>Ancak, bunun i\u015fe yaramas\u0131 i\u00e7in promosyonlar\u0131n h\u00fck\u00fcm ve ko\u015fullar\u0131na uyman\u0131z gerekir. \u00d6zellikle:<\/p>\n\n\n\n<ul class=\"wp-block-list\">\n<li>\u0130lk depozito 10 dolardan az olmamal\u0131d\u0131r;<\/li>\n\n\n\n<li>\u00dccretsiz d\u00f6n\u00fc\u015fleri yaln\u0131zca depozito paras\u0131 yat\u0131r\u0131ld\u0131ktan sonra al\u0131rs\u0131n\u0131z;<\/li>\n\n\n\n<li>\u00dccretsiz d\u00f6nd\u00fcrmeler yaln\u0131zca Reliquary of Ra (1. para yat\u0131rma i\u00e7in), Chieftain Buffalo (2. para yat\u0131rma i\u00e7in), Juicy Fruits 27 Ways (3. para yat\u0131rma i\u00e7in) ve Rich of the Mermaid Hold and Spin (4. para yat\u0131rma i\u00e7in) gibi video slotlar\u0131nda kullan\u0131labilir;<\/li>\n\n\n\n<li>\u00dccretsiz \u00e7evirme hakk\u0131 kazanmak i\u00e7in 2. ila 4. para yat\u0131rma i\u015flemlerinin en az 15 $ olmas\u0131 gerekir;<\/li>\n\n\n\n<li>Bahis \u015fart\u0131 x35&#8217;tir;<\/li>\n\n\n\n<li>Bonus ge\u00e7erlilik s\u00fcresi 7 g\u00fcnd\u00fcr;<\/li>\n\n\n\n<li>Bonus kullan\u0131lmad\u0131\u011f\u0131 s\u00fcrece bahisler 5 $ &#8216;dan fazla olamaz.<\/li>\n<\/ul>\n","protected":false},"excerpt":{"rendered":"<p>1XBET Promosyon Kodu &#8211; 700000 NGN + 150 FS&#8217;e kadar ho\u015f geldin paketi 1xBet T\u00fcrkiye, Curacao h\u00fck\u00fcmetinin d\u00fczenlemelerine uygun olarak \u00e7al\u0131\u015fan lisansl\u0131 bir \u00e7evrimi\u00e7i spor kitab\u0131 ve kumarhanedir. \u015eirket, yakla\u015f\u0131k yar\u0131m milyon kay\u0131tl\u0131 oyuncuyu e\u011flendirme sanat\u0131nda ustala\u015fm\u0131\u015ft\u0131r. Bu 1xBet&#8217;in ba\u015far\u0131s\u0131n\u0131n p\u00fcf noktas\u0131 y\u00fcksek kalitesi ve bahis yap\u0131labilecek oyun ve spor miktar\u0131n\u0131n yan\u0131 s\u0131ra etkileyici bonus [&#8230;]\n","protected":false},"author":2,"featured_media":0,"parent":0,"menu_order":0,"comment_status":"closed","ping_status":"closed","template":"page-right-sidebar.php","meta":{"footnotes":""},"class_list":["post-125","page","type-page","status-publish","hentry"],"_links":{"self":[{"href":"https:\/\/reviews-1xbet.net\/en\/wp-json\/wp\/v2\/pages\/125","targetHints":{"allow":["GET"]}}],"collection":[{"href":"https:\/\/reviews-1xbet.net\/en\/wp-json\/wp\/v2\/pages"}],"about":[{"href":"https:\/\/reviews-1xbet.net\/en\/wp-json\/wp\/v2\/types\/page"}],"author":[{"embeddable":true,"href":"https:\/\/reviews-1xbet.net\/en\/wp-json\/wp\/v2\/users\/2"}],"replies":[{"embeddable":true,"href":"https:\/\/reviews-1xbet.net\/en\/wp-json\/wp\/v2\/comments?post=125"}],"version-history":[{"count":3,"href":"https:\/\/reviews-1xbet.net\/en\/wp-json\/wp\/v2\/pages\/125\/revisions"}],"predecessor-version":[{"id":303,"href":"https:\/\/reviews-1xbet.net\/en\/wp-json\/wp\/v2\/pages\/125\/revisions\/303"}],"wp:attachment":[{"href":"https:\/\/reviews-1xbet.net\/en\/wp-json\/wp\/v2\/media?parent=125"}],"curies":[{"name":"wp","href":"https:\/\/api.w.org\/{rel}","templated":true}]}}