{"id":119,"date":"2024-10-03T07:26:43","date_gmt":"2024-10-03T07:26:43","guid":{"rendered":"http:\/\/reviews-1xbet.net\/?page_id=119"},"modified":"2024-10-10T07:12:36","modified_gmt":"2024-10-10T07:12:36","slug":"iletisim","status":"publish","type":"page","link":"https:\/\/reviews-1xbet.net\/en\/iletisim\/","title":{"rendered":"\u0130leti\u015fim"},"content":{"rendered":"\n<h1 class=\"wp-block-heading\">1xbet \u0130leti\u015fim &#8211; 1xBet M\u00fc\u015fteri Hizmetleri \u015eikayetleri<\/h1>\n\n\n\n<p><strong><a href=\"https:\/\/reviews-1xbet.net\/\">1xbet <\/a><\/strong>\u0130leti\u015fim numaras\u0131 olan 1xbet mobil ile \u00e7al\u0131\u015fanlarla g\u00f6r\u00fc\u015febilirsiniz. Ek olarak Twitter, Telegram\u2019dan da ba\u011flanabilirsiniz. Bunlar\u0131n aras\u0131nda, gerek canl\u0131 g\u00f6r\u00fc\u015fme gerekse g\u00f6nderi takip etme platformlar\u0131 bulunmaktad\u0131r. Yani sosyal a\u011flar\u0131n ne oldu\u011fu veya canl\u0131 g\u00f6r\u00fc\u015fme hatt\u0131n\u0131n butonuna ana sayfadan ula\u015f\u0131labilmektedir. Ancak, ileti\u015fime a\u00e7\u0131k mail, telefon vb. bilgilerin ekstra se\u00e7enek olarak sunulmas\u0131, \u00f6zellikle sistemin g\u00fcvenilirli\u011fini sorgulayan bahis\u00e7iler a\u00e7\u0131s\u0131ndan \u00f6nemlidir.<\/p>\n\n\n\n<p><strong>1xbet<\/strong> sitesi b\u00fcnyesinde mail adresleri bile birden fazla opsiyonu bar\u0131nd\u0131rmaktad\u0131r. \u00d6rne\u011fin, genel sorular, g\u00fcvenlik birimi veya reklam anla\u015fmalar\u0131 i\u00e7in ayr\u0131lan e-posta adresleri mevcuttur. Ayr\u0131ca, i\u015f ortakl\u0131\u011f\u0131 veya bilgi g\u00fcvenli\u011fi i\u00e7in de farkl\u0131 mail adresleri kullan\u0131lmaktad\u0131r. <strong>\u0130leti\u015fim<\/strong> kalitesini art\u0131ran telefon numaras\u0131 bilgisi de ilgili sayfa kapsam\u0131nda bahis\u00e7ilere sunulmaktad\u0131r. Art\u0131k 7\/24 haberle\u015fme kanallar\u0131n\u0131n tamam\u0131nda \u00fccretsiz ba\u011flant\u0131lar aktif olarak kullan\u0131labilmektedir.<\/p>\n\n\n\n<div class=\"wp-block-columns is-layout-flex wp-container-core-columns-is-layout-9d6595d7 wp-block-columns-is-layout-flex\">\n<div class=\"wp-block-column is-layout-flow wp-block-column-is-layout-flow\">\n<div class=\"wp-block-buttons is-content-justification-center is-layout-flex wp-container-core-buttons-is-layout-16018d1d wp-block-buttons-is-layout-flex\">\n<div class=\"wp-block-button\"><a class=\"wp-block-button__link wp-element-button\" href=\"https:\/\/reviews-1xbet.net\/\">1xbet Giri\u015f<\/a><\/div>\n<\/div>\n<\/div>\n\n\n\n<div class=\"wp-block-column is-layout-flow wp-block-column-is-layout-flow\">\n<div class=\"wp-block-buttons is-content-justification-center is-layout-flex wp-container-core-buttons-is-layout-16018d1d wp-block-buttons-is-layout-flex\">\n<div class=\"wp-block-button\"><a class=\"wp-block-button__link wp-element-button\" href=\"\/1xbet-mobil\/\">1xbet Mobil<\/a><\/div>\n<\/div>\n<\/div>\n\n\n\n<div class=\"wp-block-column is-layout-flow wp-block-column-is-layout-flow\">\n<div class=\"wp-block-buttons is-layout-flex wp-block-buttons-is-layout-flex\">\n<div class=\"wp-block-button\"><a class=\"wp-block-button__link wp-element-button\" href=\"\/promosyonlari\/\">Promosyonlari<\/a><\/div>\n<\/div>\n<\/div>\n\n\n\n<div class=\"wp-block-column is-layout-flow wp-block-column-is-layout-flow\">\n<div class=\"wp-block-buttons is-layout-flex wp-block-buttons-is-layout-flex\">\n<div class=\"wp-block-button\"><a class=\"wp-block-button__link wp-element-button\" href=\"\/para-cekme\/\">Para \u00c7ekme<\/a><\/div>\n<\/div>\n<\/div>\n\n\n\n<div class=\"wp-block-column is-layout-flow wp-block-column-is-layout-flow\">\n<div class=\"wp-block-buttons is-layout-flex wp-block-buttons-is-layout-flex\">\n<div class=\"wp-block-button\"><a class=\"wp-block-button__link wp-element-button\" href=\"\/para-yat\u0131r\u0131m\u0131\/\">Para Yat\u0131r\u0131m\u0131<\/a><\/div>\n<\/div>\n<\/div>\n<\/div>\n\n\n\n<h2 class=\"wp-block-heading\"><strong>1xbet \u0130leti\u015fim Telefon Numaras\u0131<\/strong><\/h2>\n\n\n\n<p>1xbet ileti\u015fim opsiyonlar\u0131 aras\u0131nda cep telefonu numaras\u0131, do\u011frudan canl\u0131 g\u00f6r\u00fc\u015fme kurmak a\u00e7\u0131s\u0131ndan \u00f6nemlidir. Ancak, online yard\u0131m hatt\u0131 se\u00e7ene\u011finin bile telefondan daha \u00e7ok tercih edildi\u011fi unutulmamal\u0131d\u0131r. \u00c7\u00fcnk\u00fc bu hizmet, h\u0131zl\u0131 ve etkin bir \u015fekilde \u00e7al\u0131\u015fan ekip elemanlar\u0131yla bahis\u00e7ilere g\u00fcn\u00fcn her saati bilgi edinme f\u0131rsat\u0131 sunmaktad\u0131r. Ayr\u0131ca, herhangi bir sorunun h\u0131zl\u0131 bir \u015fekilde \u00e7\u00f6z\u00fcme kavu\u015fmas\u0131na yard\u0131mc\u0131 olmaktad\u0131r.<\/p>\n\n\n\n<p>1xbet sayesinde hangi online g\u00f6r\u00fc\u015fme se\u00e7eneklerinin kullan\u0131labilece\u011fini detayland\u0131rd\u0131k. \u0130leti\u015fim kanallar\u0131na dair t\u00fcm merak edilen y\u00f6ntemlerin \u00f6\u011frenilmesi i\u00e7in a\u015fa\u011f\u0131daki listeyi inceleyebilirsiniz:<\/p>\n\n\n\n<ul class=\"wp-block-list\">\n<li>S\u0131k kullan\u0131lan e-posta adresleri: &#8220;genel sorular, g\u00fcvenlik birimi, finans departman\u0131&#8221;<\/li>\n\n\n\n<li>Ek e-posta: &#8220;halkla ili\u015fkiler, reklam, i\u015f ortakl\u0131\u011f\u0131, bilgi g\u00fcvenli\u011fi, gizlilik politikas\u0131&#8221;<\/li>\n\n\n\n<li>G\u00fcvenilir telefon hatt\u0131 numaras\u0131: +908503902148<\/li>\n\n\n\n<li>WhatsApp Numaras\u0131: 35795764474<\/li>\n\n\n\n<li>Online yard\u0131m hatt\u0131, Telegram kanal\u0131<\/li>\n\n\n\n<li>Twitter profili&#8230;<\/li>\n<\/ul>\n\n\n\n<h2 class=\"wp-block-heading\">1XBET M\u00fc\u015fteri Hizmetleri ile Online Sohbet Yoluyla \u0130leti\u015fim Rehberi<\/h2>\n\n\n\n<p>Yukar\u0131da belirtilen 4 ileti\u015fim y\u00f6nteminden, \u00e7o\u011fu \u00fcye online sohbet kanal\u0131n\u0131 tercih etmektedir. Oyuncular\u0131n bir uygulamaya veya mobil cihaza sahip olmas\u0131 gerekmez. 1XBET\u2019in resmi web sitesini ziyaret etti\u011finizde, bir dan\u0131\u015fmanla ba\u011flant\u0131 kurabilirsiniz. Her iki taraf, a\u015fa\u011f\u0131daki 3 ad\u0131m\u0131 takip ederek web sitesindeki sohbet \u00e7er\u00e7evesi \u00fczerinden online olarak ileti\u015fim kurar.<\/p>\n\n\n\n<h3 class=\"wp-block-heading\"><strong>1. Ad\u0131m: Giri\u015f yap\u0131n ve 1XBET M\u00fc\u015fteri Hizmetleri ile Online Sohbet Se\u00e7ene\u011fini Kullan\u0131n<\/strong><\/h3>\n\n\n\n<figure class=\"wp-block-image aligncenter size-large\"><img loading=\"lazy\" decoding=\"async\" width=\"1024\" height=\"467\" src=\"https:\/\/reviews-1xbet.net\/wp-content\/uploads\/2024\/10\/Giris-yapin-ve-1XBET-Musteri-Hizmetleri-1024x467.jpg\" alt=\"\" class=\"wp-image-285\" srcset=\"https:\/\/reviews-1xbet.net\/wp-content\/uploads\/2024\/10\/Giris-yapin-ve-1XBET-Musteri-Hizmetleri-1024x467.jpg 1024w, https:\/\/reviews-1xbet.net\/wp-content\/uploads\/2024\/10\/Giris-yapin-ve-1XBET-Musteri-Hizmetleri-300x137.jpg 300w, https:\/\/reviews-1xbet.net\/wp-content\/uploads\/2024\/10\/Giris-yapin-ve-1XBET-Musteri-Hizmetleri-768x350.jpg 768w, https:\/\/reviews-1xbet.net\/wp-content\/uploads\/2024\/10\/Giris-yapin-ve-1XBET-Musteri-Hizmetleri-1536x701.jpg 1536w, https:\/\/reviews-1xbet.net\/wp-content\/uploads\/2024\/10\/Giris-yapin-ve-1XBET-Musteri-Hizmetleri.jpg 1902w\" sizes=\"auto, (max-width: 1024px) 100vw, 1024px\" \/><figcaption class=\"wp-element-caption\">Giri\u015f yap\u0131n ve 1XBET M\u00fc\u015fteri Hizmetleri<\/figcaption><\/figure>\n\n\n\n<p>\u00d6ncelikle, 1XBET bahis hesab\u0131n\u0131za giri\u015f yapman\u0131z gerekir. Hen\u00fcz \u00fcye de\u011filseniz, rehber do\u011frultusunda kolayca kay\u0131t olabilirsiniz. 1 dakika i\u00e7inde bir 1XBET hesab\u0131na sahip olabilirsiniz.<\/p>\n\n\n\n<p>1XBET m\u00fc\u015fteri hizmetleri temsilcisiyle ileti\u015fime ge\u00e7mek i\u00e7in <strong>1XBET&#8217;e kaydolun<\/strong>. 1XBET, yeni \u00fcyelere yaln\u0131zca bir ay boyunca %100 bonus ve 700.000 NGN\u2019ye kadar \u00f6d\u00fcl sunmaktad\u0131r. Bu, bu ay\u0131n ilk 10.000 kay\u0131t olan kullan\u0131c\u0131s\u0131 i\u00e7in \u00f6zel bir promosyondur. Bu f\u0131rsat\u0131 ka\u00e7\u0131rmay\u0131n! Ba\u015far\u0131yla giri\u015f yapt\u0131ktan sonra, sohbet kutusunu a\u00e7mak i\u00e7in \u201cSoru Sor\u201d butonuna t\u0131klay\u0131n.<\/p>\n\n\n\n<h3 class=\"wp-block-heading\">2. Ad\u0131m: 1XBET M\u00fc\u015fteri Hizmetleri ile Online Dan\u0131\u015fmanl\u0131k Se\u00e7ene\u011fini Se\u00e7in<\/h3>\n\n\n\n<figure class=\"wp-block-image aligncenter size-full\" id=\"attachment_2761\"><img loading=\"lazy\" decoding=\"async\" width=\"534\" height=\"765\" src=\"https:\/\/reviews-1xbet.net\/wp-content\/uploads\/2024\/10\/Personele-sorular-sorun.jpg\" alt=\"\" class=\"wp-image-287\" srcset=\"https:\/\/reviews-1xbet.net\/wp-content\/uploads\/2024\/10\/Personele-sorular-sorun.jpg 534w, https:\/\/reviews-1xbet.net\/wp-content\/uploads\/2024\/10\/Personele-sorular-sorun-209x300.jpg 209w\" sizes=\"auto, (max-width: 534px) 100vw, 534px\" \/><figcaption class=\"wp-element-caption\">Personele sorular sorun<\/figcaption><\/figure>\n\n\n\n<p>Yeni a\u00e7\u0131lan sohbet kutusunda oyuncular iki se\u00e7ene\u011fe sahiptir:<\/p>\n\n\n\n<ol class=\"wp-block-list\">\n<li>Sorununuzla ilgili mevcut sorulardan birini se\u00e7erek yan\u0131t\u0131 g\u00f6r\u00fcnt\u00fcleyin.<\/li>\n\n\n\n<li>\u201cOnline Dan\u0131\u015fmanl\u0131k\u201d butonuna t\u0131klayarak do\u011frudan 1XBET m\u00fc\u015fteri hizmetleri dan\u0131\u015fman\u0131yla sohbet edin.<\/li>\n<\/ol>\n\n\n\n<h3 class=\"wp-block-heading\">3. Ad\u0131m: 1XBET M\u00fc\u015fteri Hizmetleri Dan\u0131\u015fman\u0131yla G\u00f6r\u00fc\u015fme<\/h3>\n\n\n\n<figure class=\"wp-block-image aligncenter size-full\" id=\"attachment_2762\"><img loading=\"lazy\" decoding=\"async\" width=\"514\" height=\"757\" src=\"https:\/\/reviews-1xbet.net\/wp-content\/uploads\/2024\/10\/Musteri-hizmetleri-personeli-musterilere-aciklama-yapmak-icin-her-zaman-mevcuttur.jpg\" alt=\"\" class=\"wp-image-288\" srcset=\"https:\/\/reviews-1xbet.net\/wp-content\/uploads\/2024\/10\/Musteri-hizmetleri-personeli-musterilere-aciklama-yapmak-icin-her-zaman-mevcuttur.jpg 514w, https:\/\/reviews-1xbet.net\/wp-content\/uploads\/2024\/10\/Musteri-hizmetleri-personeli-musterilere-aciklama-yapmak-icin-her-zaman-mevcuttur-204x300.jpg 204w\" sizes=\"auto, (max-width: 514px) 100vw, 514px\" \/><figcaption class=\"wp-element-caption\">M\u00fc\u015fteri hizmetleri personeli m\u00fc\u015fterilere a\u00e7\u0131klama yapmak i\u00e7in her zaman mevcuttur<\/figcaption><\/figure>\n\n\n\n<p>Online dan\u0131\u015fmanl\u0131k se\u00e7ene\u011fini se\u00e7ti\u011finizde, bir 1XBET dan\u0131\u015fman\u0131yla ba\u011flant\u0131 kurars\u0131n\u0131z. Sorular\u0131n\u0131z\u0131 sohbet kutusuna yazarak 1XBET m\u00fc\u015fteri hizmetlerinden destek alabilirsiniz.<\/p>\n\n\n\n<p>Online sohbet kanal\u0131 dan\u0131\u015fmanlar\u0131 7\/24 hizmet vermektedir, b\u00f6ylece ihtiyac\u0131n\u0131z oldu\u011funda her zaman ileti\u015fim kurabilirsiniz. 1XBET ekibi, oyuncu hesaplar\u0131 ve 1XBET bahis \u00fcr\u00fcnleriyle ilgili her t\u00fcrl\u00fc soruyu yan\u0131tlamak i\u00e7in her zaman haz\u0131rd\u0131r. \u00d6rne\u011fin:<\/p>\n\n\n\n<ul class=\"wp-block-list\">\n<li>Oyun kurallar\u0131, \u00fcr\u00fcn kullan\u0131m ko\u015fullar\u0131: Spor bahisleri, online casino, slot oyunlar\u0131, 1XGames, bingo gibi\u2026<\/li>\n\n\n\n<li>1XBET para \u00e7ekme ve yat\u0131rma i\u015flemleri, \u015fifreyle ilgili sorular\u2026<\/li>\n\n\n\n<li>T\u00fcm \u00fcyeler i\u00e7in ge\u00e7erli en g\u00fcncel 1XBET bonus programlar\u0131.<\/li>\n<\/ul>\n\n\n\n<h2 class=\"wp-block-heading\">1XBET M\u00fc\u015fteri Hizmetleri<\/h2>\n\n\n\n<figure class=\"wp-block-image aligncenter\" id=\"attachment_2763\"><img decoding=\"async\" src=\"https:\/\/reviews-1xbet.net\/wp-content\/uploads\/2024\/10\/1XBET-EAB3A0EAB09DEC84BCED84B0-4.jpg.webp\" alt=\"1XBET \uace0\uac1d\uc13c\ud130\uc5d0 \ubb38\uc758\ud558\ub294 4\uac00\uc9c0 \ubc29\ubc95(\ube60\ub978 \ub2f5\ubcc0) 4\" class=\"wp-image-2763\"\/><figcaption class=\"wp-element-caption\">Bizimle ileti\u015fime ge\u00e7ti\u011finizde dikkat edin<\/figcaption><\/figure>\n\n\n\n<p>1XBET m\u00fc\u015fteri hizmetlerine istedi\u011finiz zaman ula\u015fabilirsiniz. \u0130leti\u015fim kanallar\u0131 her zaman a\u00e7\u0131k oldu\u011fundan zaman s\u0131n\u0131rlamas\u0131 yoktur.<\/p>\n\n\n\n<ul class=\"wp-block-list\">\n<li>Online sohbet, yukar\u0131da bahsedilen ileti\u015fim y\u00f6ntemleri aras\u0131nda en h\u0131zl\u0131 yan\u0131t ve ba\u011flant\u0131 h\u0131z\u0131na sahip y\u00f6ntemdir.<\/li>\n\n\n\n<li>E\u011fer online sohbet kanal\u0131na ba\u011flanam\u0131yorsan\u0131z, kulland\u0131\u011f\u0131n\u0131z taray\u0131c\u0131y\u0131 yeniden ba\u015flat\u0131n veya internet ba\u011flant\u0131n\u0131z\u0131 kontrol edin. Genellikle online sohbet kanal\u0131na ba\u011flanma s\u00fcresi 30 saniyeden birka\u00e7 dakikaya kadar s\u00fcrebilir.<\/li>\n\n\n\n<li>E\u011fer m\u00fc\u015fteri hizmetleri hatt\u0131na arama yaparken yo\u011funluk ya\u015farsan\u0131z, ayn\u0131 anda \u00e7ok fazla \u00e7a\u011fr\u0131 al\u0131nd\u0131\u011f\u0131 i\u00e7in sistem yo\u011fun olabilir. Bir s\u00fcre bekleyin ve daha sonra tekrar aramay\u0131 deneyin.<\/li>\n\n\n\n<li>E\u011fer 1XBET\u2019e e-posta g\u00f6nderdiniz fakat yan\u0131t almad\u0131ysan\u0131z, spam klas\u00f6r\u00fcn\u00fcz\u00fc kontrol edin. 1XBET&#8217;ten gelen e-postalar genellikle promosyon veya spam klas\u00f6r\u00fcne y\u00f6nlendirilebilmektedir.<\/li>\n<\/ul>\n","protected":false},"excerpt":{"rendered":"<p>1xbet \u0130leti\u015fim &#8211; 1xBet M\u00fc\u015fteri Hizmetleri \u015eikayetleri 1xbet \u0130leti\u015fim numaras\u0131 olan 1xbet mobil ile \u00e7al\u0131\u015fanlarla g\u00f6r\u00fc\u015febilirsiniz. Ek olarak Twitter, Telegram\u2019dan da ba\u011flanabilirsiniz. Bunlar\u0131n aras\u0131nda, gerek canl\u0131 g\u00f6r\u00fc\u015fme gerekse g\u00f6nderi takip etme platformlar\u0131 bulunmaktad\u0131r. Yani sosyal a\u011flar\u0131n ne oldu\u011fu veya canl\u0131 g\u00f6r\u00fc\u015fme hatt\u0131n\u0131n butonuna ana sayfadan ula\u015f\u0131labilmektedir. Ancak, ileti\u015fime a\u00e7\u0131k mail, telefon vb. bilgilerin ekstra se\u00e7enek [&#8230;]\n","protected":false},"author":2,"featured_media":0,"parent":0,"menu_order":0,"comment_status":"closed","ping_status":"closed","template":"page-right-sidebar.php","meta":{"footnotes":""},"class_list":["post-119","page","type-page","status-publish","hentry"],"_links":{"self":[{"href":"https:\/\/reviews-1xbet.net\/en\/wp-json\/wp\/v2\/pages\/119","targetHints":{"allow":["GET"]}}],"collection":[{"href":"https:\/\/reviews-1xbet.net\/en\/wp-json\/wp\/v2\/pages"}],"about":[{"href":"https:\/\/reviews-1xbet.net\/en\/wp-json\/wp\/v2\/types\/page"}],"author":[{"embeddable":true,"href":"https:\/\/reviews-1xbet.net\/en\/wp-json\/wp\/v2\/users\/2"}],"replies":[{"embeddable":true,"href":"https:\/\/reviews-1xbet.net\/en\/wp-json\/wp\/v2\/comments?post=119"}],"version-history":[{"count":3,"href":"https:\/\/reviews-1xbet.net\/en\/wp-json\/wp\/v2\/pages\/119\/revisions"}],"predecessor-version":[{"id":289,"href":"https:\/\/reviews-1xbet.net\/en\/wp-json\/wp\/v2\/pages\/119\/revisions\/289"}],"wp:attachment":[{"href":"https:\/\/reviews-1xbet.net\/en\/wp-json\/wp\/v2\/media?parent=119"}],"curies":[{"name":"wp","href":"https:\/\/api.w.org\/{rel}","templated":true}]}}