{"id":112,"date":"2024-10-03T07:25:43","date_gmt":"2024-10-03T07:25:43","guid":{"rendered":"http:\/\/reviews-1xbet.net\/?page_id=112"},"modified":"2024-10-11T09:17:08","modified_gmt":"2024-10-11T09:17:08","slug":"para-cekme","status":"publish","type":"page","link":"https:\/\/reviews-1xbet.net\/en\/para-cekme\/","title":{"rendered":"Para \u00c7ekme"},"content":{"rendered":"\n<h1 class=\"wp-block-heading\">1Xbet Para \u00c7ekme \u26a1\ufe0f Ad\u0131m Ad\u0131m \u0130\u015flemleri<\/h1>\n\n\n\n<p>Para \u00e7ekme i\u015flemlerine ili\u015fkin t\u00fcm s\u00fcre\u00e7lerin <strong><a href=\"https:\/\/reviews-1xbet.net\/\">1xbet <\/a><\/strong>T\u00fcrkiye kullan\u0131c\u0131lar\u0131 i\u00e7inde ge\u00e7erlili\u011fi devam eder. Olas\u0131 eri\u015fim sorunlar\u0131n\u0131n ortaya \u00e7\u0131kmas\u0131 bu durumlar\u0131 engellenemez. \u0130stenilen zaman diliminde ger\u00e7ekle\u015ftirebilirsiniz. Komisyon \u00fccret al\u0131mlar\u0131 olmamakla birlikte g\u00fcvenli bir \u015fekilde t\u00fcm finansal i\u015flemler hakk\u0131nda bilgi almak i\u00e7in canl\u0131 destek ileti\u015fimi sa\u011flanabilir. Ya\u015fanan engellemelerin ard\u0131ndan ise bahis sitesinin yeni adresiyle i\u015flemlere ayn\u0131 \u015fekilde devam edilebilir.<\/p>\n\n\n\n<div class=\"wp-block-columns is-layout-flex wp-container-core-columns-is-layout-9d6595d7 wp-block-columns-is-layout-flex\">\n<div class=\"wp-block-column is-layout-flow wp-block-column-is-layout-flow\">\n<div class=\"wp-block-buttons is-content-justification-center is-layout-flex wp-container-core-buttons-is-layout-16018d1d wp-block-buttons-is-layout-flex\">\n<div class=\"wp-block-button\"><a class=\"wp-block-button__link wp-element-button\" href=\"https:\/\/reviews-1xbet.net\/\">1xbet Giri\u015f<\/a><\/div>\n<\/div>\n<\/div>\n\n\n\n<div class=\"wp-block-column is-layout-flow wp-block-column-is-layout-flow\">\n<div class=\"wp-block-buttons is-content-justification-center is-layout-flex wp-container-core-buttons-is-layout-16018d1d wp-block-buttons-is-layout-flex\">\n<div class=\"wp-block-button\"><a class=\"wp-block-button__link wp-element-button\" href=\"\/1xbet-mobil\/\">1xbet Mobil<\/a><\/div>\n<\/div>\n<\/div>\n\n\n\n<div class=\"wp-block-column is-layout-flow wp-block-column-is-layout-flow\">\n<div class=\"wp-block-buttons is-layout-flex wp-block-buttons-is-layout-flex\">\n<div class=\"wp-block-button\"><a class=\"wp-block-button__link wp-element-button\" href=\"\/promosyonlari\/\">Promosyonlari<\/a><\/div>\n<\/div>\n<\/div>\n\n\n\n<div class=\"wp-block-column is-layout-flow wp-block-column-is-layout-flow\">\n<div class=\"wp-block-buttons is-layout-flex wp-block-buttons-is-layout-flex\">\n<div class=\"wp-block-button\"><a class=\"wp-block-button__link wp-element-button\" href=\"\/para-cekme\/\">Para \u00c7ekme<\/a><\/div>\n<\/div>\n<\/div>\n\n\n\n<div class=\"wp-block-column is-layout-flow wp-block-column-is-layout-flow\">\n<div class=\"wp-block-buttons is-layout-flex wp-block-buttons-is-layout-flex\">\n<div class=\"wp-block-button\"><a class=\"wp-block-button__link wp-element-button\" href=\"\/para-yat\u0131r\u0131m\u0131\/\">Para Yat\u0131r\u0131m\u0131<\/a><\/div>\n<\/div>\n<\/div>\n<\/div>\n\n\n\n<div class=\"wp-block-buttons mb20 is-content-justification-center is-layout-flex wp-container-core-buttons-is-layout-16018d1d wp-block-buttons-is-layout-flex\">\n<div class=\"wp-block-button has-custom-font-size has-small-font-size\"><a class=\"wp-block-button__link has-primary-background-color has-background wp-element-button\" href=\"\/go\/1xbet\/\" style=\"border-radius:0px\">1xbet Giri\u015f #1<\/a><\/div>\n\n\n\n<div class=\"wp-block-button has-custom-font-size has-small-font-size\"><a class=\"wp-block-button__link has-success-background-color has-background wp-element-button\" href=\"\/go\/1xbet\/\" style=\"border-radius:0px\">1xbet Yeni Giri\u015f #2<\/a><\/div>\n\n\n\n<div class=\"wp-block-button has-custom-font-size has-small-font-size\"><a class=\"wp-block-button__link has-secondary-background-color has-background wp-element-button\" href=\"\/go\/1xbet\/\" style=\"border-radius:0px\">1xbet G\u00fcncel Giri\u015f #3<\/a><\/div>\n<\/div>\n\n\n\n<h2 class=\"wp-block-heading\">1Xbet Para \u00c7ekme &#8211; \u0130\u015fte Ad\u0131m Ad\u0131m Rehber<\/h2>\n\n\n\n<p>1XBET&#8217;te bahislerinizi yapt\u0131ktan ve kazand\u0131\u011f\u0131n\u0131zda, kazan\u00e7lar\u0131n\u0131z\u0131 \u00e7ekmek isteyeceksiniz. Peki, bunu en g\u00fcvenli ve h\u0131zl\u0131 \u015fekilde nas\u0131l yapabilirsiniz? 1XBET\u2019ten para \u00e7ekme i\u015flemi olduk\u00e7a basittir ve birka\u00e7 ad\u0131mda tamamlanabilir.<\/p>\n\n\n\n<h3 class=\"wp-block-heading\">1. Ad\u0131m: Hesab\u0131n\u0131za Giri\u015f Yap\u0131n ve \u00c7ekim Se\u00e7ene\u011fini Bulun<\/h3>\n\n\n\n<figure class=\"wp-block-image aligncenter size-full\" id=\"attachment_2670\"><img loading=\"lazy\" decoding=\"async\" width=\"806\" height=\"369\" src=\"https:\/\/reviews-1xbet.net\/wp-content\/uploads\/2024\/10\/1xBet-Giris-yeni-adresi.jpg\" alt=\"\" class=\"wp-image-279\" srcset=\"https:\/\/reviews-1xbet.net\/wp-content\/uploads\/2024\/10\/1xBet-Giris-yeni-adresi.jpg 806w, https:\/\/reviews-1xbet.net\/wp-content\/uploads\/2024\/10\/1xBet-Giris-yeni-adresi-300x137.jpg 300w, https:\/\/reviews-1xbet.net\/wp-content\/uploads\/2024\/10\/1xBet-Giris-yeni-adresi-768x352.jpg 768w\" sizes=\"auto, (max-width: 806px) 100vw, 806px\" \/><figcaption class=\"wp-element-caption\">1xbet g\u00fcncel giri\u015f<\/figcaption><\/figure>\n\n\n\n<p>\u00d6ncelikle, 1xBet giri\u015f yaparak hesab\u0131n\u0131za eri\u015fim sa\u011flamal\u0131s\u0131n\u0131z. E\u011fer hen\u00fcz bir 1XBET hesab\u0131n\u0131z yoksa, birka\u00e7 basit ad\u0131mla kolayca bir hesap olu\u015fturabilirsiniz. Giri\u015f yapt\u0131ktan sonra, ekran\u0131n sa\u011f \u00fcst k\u00f6\u015fesinde bulunan <strong>&#8220;\u00c7ekim&#8221;<\/strong> se\u00e7ene\u011fine t\u0131klayarak para \u00e7ekme i\u015flemini ba\u015flatabilirsiniz.<\/p>\n\n\n\n<h3 class=\"wp-block-heading\">2. Ad\u0131m: Uygun Para \u00c7ekme Y\u00f6ntemini Se\u00e7in<\/h3>\n\n\n\n<p>1XBET, kullan\u0131c\u0131lara 50\u2019den fazla \u00e7ekim y\u00f6ntemi sunmaktad\u0131r. Elektronik c\u00fczdanlar, online \u00f6deme sistemleri, banka transferleri ve hatta kripto para gibi bir\u00e7ok se\u00e7enek aras\u0131ndan size en uygun olan\u0131n\u0131 se\u00e7ebilirsiniz. Bu rehberde \u00f6rnek olarak banka havalesi y\u00f6ntemini ele alal\u0131m, \u00e7\u00fcnk\u00fc bu y\u00f6ntem 1XBET kullan\u0131c\u0131lar\u0131 aras\u0131nda en yayg\u0131n olanlardan biridir.<\/p>\n\n\n\n<figure class=\"wp-block-image aligncenter size-full\" id=\"attachment_2703\"><img loading=\"lazy\" decoding=\"async\" width=\"263\" height=\"379\" src=\"https:\/\/reviews-1xbet.net\/wp-content\/uploads\/2024\/10\/1xBet-Para-Cekimi-Hesabima-Gecmedi.jpg\" alt=\"\" class=\"wp-image-298\" srcset=\"https:\/\/reviews-1xbet.net\/wp-content\/uploads\/2024\/10\/1xBet-Para-Cekimi-Hesabima-Gecmedi.jpg 263w, https:\/\/reviews-1xbet.net\/wp-content\/uploads\/2024\/10\/1xBet-Para-Cekimi-Hesabima-Gecmedi-208x300.jpg 208w\" sizes=\"auto, (max-width: 263px) 100vw, 263px\" \/><figcaption class=\"wp-element-caption\">1xBet Para \u00c7ekimi Hesab\u0131ma Ge\u00e7medi<\/figcaption><\/figure>\n\n\n\n<h3 class=\"wp-block-heading\">3. Ad\u0131m: Gerekli Bilgileri Girin<\/h3>\n\n\n\n<p>\u00c7ekim i\u015flemini tamamlamak i\u00e7in, sizden istenen bilgileri eksiksiz bir \u015fekilde doldurman\u0131z gerekmektedir. \u0130stenen bilgiler \u015funlard\u0131r:<\/p>\n\n\n\n<ul class=\"wp-block-list\">\n<li><strong>\u00c7ekim Tutar\u0131<\/strong>: \u00c7ekmek istedi\u011finiz miktar\u0131 belirtin. Minimum \u00e7ekim tutar\u0131 30,000 NGN\u2019dir.<\/li>\n\n\n\n<li><strong>Banka Ad\u0131<\/strong>: \u00c7ekim i\u015flemini ger\u00e7ekle\u015ftirece\u011finiz bankay\u0131 se\u00e7in.<\/li>\n\n\n\n<li><strong>Ad\u0131n\u0131z ve Soyad\u0131n\u0131z<\/strong>: Banka hesab\u0131n\u0131zda kay\u0131tl\u0131 olan ad ve soyad\u0131 girin.<\/li>\n\n\n\n<li><strong>Telefon Numaran\u0131z<\/strong>: \u0130lgili alana telefon numaran\u0131z\u0131 yaz\u0131n.<\/li>\n\n\n\n<li><strong>E-posta Adresiniz<\/strong>: \u0130leti\u015fim i\u00e7in kulland\u0131\u011f\u0131n\u0131z ge\u00e7erli bir e-posta adresi sa\u011flay\u0131n.<\/li>\n\n\n\n<li><strong>Banka Hesap Numaran\u0131z<\/strong>: Banka hesab\u0131n\u0131z\u0131n numaras\u0131n\u0131 do\u011fru bir \u015fekilde girin.<\/li>\n<\/ul>\n\n\n\n<figure class=\"wp-block-image aligncenter size-large\" id=\"attachment_2706\"><img loading=\"lazy\" decoding=\"async\" width=\"1024\" height=\"467\" src=\"https:\/\/reviews-1xbet.net\/wp-content\/uploads\/2024\/10\/Giris-yapin-ve-1XBET-Musteri-Hizmetleri-1024x467.jpg\" alt=\"\" class=\"wp-image-285\" srcset=\"https:\/\/reviews-1xbet.net\/wp-content\/uploads\/2024\/10\/Giris-yapin-ve-1XBET-Musteri-Hizmetleri-1024x467.jpg 1024w, https:\/\/reviews-1xbet.net\/wp-content\/uploads\/2024\/10\/Giris-yapin-ve-1XBET-Musteri-Hizmetleri-300x137.jpg 300w, https:\/\/reviews-1xbet.net\/wp-content\/uploads\/2024\/10\/Giris-yapin-ve-1XBET-Musteri-Hizmetleri-768x350.jpg 768w, https:\/\/reviews-1xbet.net\/wp-content\/uploads\/2024\/10\/Giris-yapin-ve-1XBET-Musteri-Hizmetleri-1536x701.jpg 1536w, https:\/\/reviews-1xbet.net\/wp-content\/uploads\/2024\/10\/Giris-yapin-ve-1XBET-Musteri-Hizmetleri.jpg 1902w\" sizes=\"auto, (max-width: 1024px) 100vw, 1024px\" \/><figcaption class=\"wp-element-caption\">Di\u011fer sorunlar i\u00e7in l\u00fctfen m\u00fc\u015fteri hizmetleri personeliyle ileti\u015fime ge\u00e7in.<\/figcaption><\/figure>\n\n\n\n<h3 class=\"wp-block-heading\">4. Ad\u0131m: Onay ve Para Transferi<\/h3>\n\n\n\n<p>T\u00fcm bilgileri girdikten sonra, <strong>&#8220;Onayla&#8221;<\/strong> butonuna basarak \u00e7ekim i\u015flemini ba\u015flatabilirsiniz. 1XBET, i\u015flemi m\u00fcmk\u00fcn olan en k\u0131sa s\u00fcrede tamamlayarak paran\u0131z\u0131 hesab\u0131n\u0131za aktar\u0131r. T\u00fcm bilgiler do\u011fruysa, \u00e7ekim i\u015flemi genellikle 30 dakika i\u00e7erisinde tamamlan\u0131r.<\/p>\n\n\n\n<p>E\u011fer herhangi bir sorun ya\u015farsan\u0131z ya da yanl\u0131\u015f bilgi girdiyseniz, 1XBET m\u00fc\u015fteri hizmetleri ile ileti\u015fime ge\u00e7ebilirsiniz. 1XBET m\u00fc\u015fteri hizmetleri, size her zaman h\u0131zl\u0131 ve etkili bir \u015fekilde yard\u0131mc\u0131 olacakt\u0131r.<\/p>\n\n\n\n<h2 class=\"wp-block-heading\">1xBet Para \u00e7ekme Sorunu Var M\u0131?<\/h2>\n\n\n\n<figure class=\"wp-block-image aligncenter\" id=\"attachment_2705\"><img decoding=\"async\" src=\"https:\/\/reviews-1xbet.net\/wp-content\/uploads\/2024\/10\/1xbet-ECB69CEAB888-6.jpg.webp\" alt=\"1XBET \ucd9c\uae08(\ud658\uc804)\ud558\ub294 \ubc29\ubc95 \u2013 30\ubd84 \uc774\ub0b4 \ube60\ub978 \ud658\uc804 6\" class=\"wp-image-2705\"\/><\/figure>\n\n\n\n<p>1xBet para \u00e7ekme i\u015flemleri i\u00e7in Ecopayz, Payeer, Astropay, Bitcoin ve Havale olanaklar\u0131 kullan\u0131labilir. 1xBet para \u00e7ekme sorunu olmamakla birlikte i\u015flemlerin h\u0131zl\u0131 bir \u015fekilde ger\u00e7ekle\u015fmesi i\u00e7in canl\u0131 destek yard\u0131m\u0131 da al\u0131nabilir. \u00d6ncelikli olarak kazan\u0131lan bahis ya da bonus tutarlar\u0131yla ilgili \u00e7evrim \u015fartlar\u0131n\u0131n kalmamas\u0131 gerekir. \u00c7evrim yap\u0131lmadan \u00f6nce para \u00e7ekme talebinin iletilmesi ise beraberinde 1xBet para \u00e7ekme sorunu getirebilecektir.<\/p>\n\n\n\n<ul class=\"wp-block-list\">\n<li>Ayr\u0131ca \u00e7ekim i\u015flemlerinin daha g\u00fcvenli olmas\u0131 i\u00e7in aktar\u0131m yap\u0131lacak hesab\u0131n kullan\u0131c\u0131ya ait olmas\u0131 da istenir. Farkl\u0131 ki\u015filerin hesaplar\u0131na para g\u00f6nderimi yap\u0131labilmesi s\u00f6z konusu olmamaktad\u0131r. <\/li>\n\n\n\n<li>\u00d6n \u00f6demeli sanal kart Astropay Card ile de yap\u0131labilecek \u00e7ekimlerde alt limit ise 9 TL\u2019dir. Bununla birlikte i\u015flem s\u00fcresi ise 15 dakikad\u0131r. Farkl\u0131 bahis platformu \u00fczerinden de \u00e7ekim i\u015flemlerinin yap\u0131labilece\u011fi bilinmektedir. 1xBet para \u00e7ekme i\u015flemlerin g\u00fcnl\u00fck s\u0131n\u0131rland\u0131rmalarda bulunur.<\/li>\n\n\n\n<li>Buna kar\u015f\u0131n yine de birden fazla 1xBet para \u00e7ekme talebinde bulunulmas\u0131na izin verilir. Ko\u015fullar\u0131n sa\u011flanmas\u0131 sonras\u0131nda i\u015flemler g\u00fcvenli bir \u015fekilde yap\u0131l\u0131r. <\/li>\n\n\n\n<li>1xBet para \u00e7ekme i\u00e7in H\u0131zl\u0131 Banka Havalesi kullan\u0131labilece\u011fi gibi minimum tutar\u0131 ise 200 TL\u2019dir. Ak\u0131ll\u0131 Havale alt limiti 100 TL\u2019dir. An\u0131nda Banka Havalesi i\u00e7in ise 300 TL asgari tutar \u015fart\u0131 var olurken \u00e7evrim \u015fart\u0131 yap\u0131lm\u0131\u015f t\u00fcm kazan\u0131mlar al\u0131nabilir.<\/li>\n\n\n\n<li>Arzu edilmesi halinde \u00fcyeler kripto paralarla da \u00e7ekim i\u015flemleri yapabilir. 1xBet para \u00e7ekme sorunu olmamakla birlikte Bitcoin ve di\u011ferleri i\u00e7in minimum miktar 9 TL olup 15 dakika i\u00e7erisinde s\u00fcre\u00e7ler tamamlan\u0131r. Belge g\u00f6nderimleri de finansal departman mail adresi \u00fczerinden talep edilebilir.<\/li>\n<\/ul>\n","protected":false},"excerpt":{"rendered":"<p>1Xbet Para \u00c7ekme \u26a1\ufe0f Ad\u0131m Ad\u0131m \u0130\u015flemleri Para \u00e7ekme i\u015flemlerine ili\u015fkin t\u00fcm s\u00fcre\u00e7lerin 1xbet T\u00fcrkiye kullan\u0131c\u0131lar\u0131 i\u00e7inde ge\u00e7erlili\u011fi devam eder. Olas\u0131 eri\u015fim sorunlar\u0131n\u0131n ortaya \u00e7\u0131kmas\u0131 bu durumlar\u0131 engellenemez. \u0130stenilen zaman diliminde ger\u00e7ekle\u015ftirebilirsiniz. Komisyon \u00fccret al\u0131mlar\u0131 olmamakla birlikte g\u00fcvenli bir \u015fekilde t\u00fcm finansal i\u015flemler hakk\u0131nda bilgi almak i\u00e7in canl\u0131 destek ileti\u015fimi sa\u011flanabilir. Ya\u015fanan engellemelerin ard\u0131ndan ise [&#8230;]\n","protected":false},"author":2,"featured_media":0,"parent":0,"menu_order":0,"comment_status":"closed","ping_status":"closed","template":"page-right-sidebar.php","meta":{"footnotes":""},"class_list":["post-112","page","type-page","status-publish","hentry"],"_links":{"self":[{"href":"https:\/\/reviews-1xbet.net\/en\/wp-json\/wp\/v2\/pages\/112","targetHints":{"allow":["GET"]}}],"collection":[{"href":"https:\/\/reviews-1xbet.net\/en\/wp-json\/wp\/v2\/pages"}],"about":[{"href":"https:\/\/reviews-1xbet.net\/en\/wp-json\/wp\/v2\/types\/page"}],"author":[{"embeddable":true,"href":"https:\/\/reviews-1xbet.net\/en\/wp-json\/wp\/v2\/users\/2"}],"replies":[{"embeddable":true,"href":"https:\/\/reviews-1xbet.net\/en\/wp-json\/wp\/v2\/comments?post=112"}],"version-history":[{"count":3,"href":"https:\/\/reviews-1xbet.net\/en\/wp-json\/wp\/v2\/pages\/112\/revisions"}],"predecessor-version":[{"id":299,"href":"https:\/\/reviews-1xbet.net\/en\/wp-json\/wp\/v2\/pages\/112\/revisions\/299"}],"wp:attachment":[{"href":"https:\/\/reviews-1xbet.net\/en\/wp-json\/wp\/v2\/media?parent=112"}],"curies":[{"name":"wp","href":"https:\/\/api.w.org\/{rel}","templated":true}]}}